{"id":406,"date":"2019-06-19T22:14:17","date_gmt":"2019-06-19T17:14:17","guid":{"rendered":"http:\/\/bininngroofing.ca\/skylight-installation\/"},"modified":"2024-04-26T17:03:53","modified_gmt":"2024-04-26T12:03:53","slug":"installation-puits-lumiere","status":"publish","type":"page","link":"https:\/\/bininngroofing.ca\/fr\/installation-puits-lumiere\/","title":{"rendered":"Installation de puits de lumi\u00e8re"},"content":{"rendered":"<div class=\"wpb-content-wrapper\">[mk_page_section bg_image=\u00a0\u00bbhttp:\/\/bininngroofing.ca\/wp-content\/uploads\/2019\/05\/skylight-repair-opt.jpg\u00a0\u00bb bg_position=\u00a0\u00bbcenter center\u00a0\u00bb bg_repeat=\u00a0\u00bbno-repeat\u00a0\u00bb bg_stretch=\u00a0\u00bbtrue\u00a0\u00bb video_color_mask=\u00a0\u00bb#000000&Prime; video_opacity=\u00a0\u00bb0.3&Prime; min_height=\u00a0\u00bb700&Prime; js_vertical_centered=\u00a0\u00bbtrue\u00a0\u00bb sidebar=\u00a0\u00bbsidebar-1&Prime;][vc_column width=\u00a0\u00bb1\/12&Prime;][\/vc_column][vc_column width=\u00a0\u00bb5\/6&Prime;][mk_fancy_title tag_name=\u00a0\u00bbh1&Prime; color=\u00a0\u00bb#ffffff\u00a0\u00bb size=\u00a0\u00bb76&Prime; force_font_size=\u00a0\u00bbtrue\u00a0\u00bb size_smallscreen=\u00a0\u00bb\u00a0\u00bb size_tablet=\u00a0\u00bb50&Prime; size_phone=\u00a0\u00bb30&Prime; font_weight=\u00a0\u00bbbold\u00a0\u00bb txt_transform=\u00a0\u00bbnone\u00a0\u00bb font_family=\u00a0\u00bbnone\u00a0\u00bb align=\u00a0\u00bbcenter\u00a0\u00bb]Installation <span style=\"display: inline-block;\">de puits de lumi\u00e8re<\/span>[\/mk_fancy_title][mk_fancy_title tag_name=\u00a0\u00bbh3&Prime; color=\u00a0\u00bb#ffffff\u00a0\u00bb size=\u00a0\u00bb28&Prime; force_font_size=\u00a0\u00bbtrue\u00a0\u00bb size_phone=\u00a0\u00bb20&Prime; font_weight=\u00a0\u00bbbold\u00a0\u00bb txt_transform=\u00a0\u00bbnone\u00a0\u00bb font_family=\u00a0\u00bbnone\u00a0\u00bb align=\u00a0\u00bbcenter\u00a0\u00bb]Laissez entrer le soleil et illuminez votre espace de vie[\/mk_fancy_title][\/vc_column][vc_column width=\u00a0\u00bb1\/12&Prime;][\/vc_column][\/mk_page_section][vc_row css=\u00a0\u00bb.vc_custom_1560964165316{padding-top: 90px !important;padding-bottom: 60px !important;}\u00a0\u00bb][vc_column width=\u00a0\u00bb1\/2&Prime;][mk_fancy_title size=\u00a0\u00bb32&Prime; force_font_size=\u00a0\u00bbtrue\u00a0\u00bb size_tablet=\u00a0\u00bb30&Prime; size_phone=\u00a0\u00bb28&Prime; font_weight=\u00a0\u00bb600&Prime; txt_transform=\u00a0\u00bbnone\u00a0\u00bb font_family=\u00a0\u00bbnone\u00a0\u00bb]Installation de puits de lumi\u00e8re[\/mk_fancy_title][mk_fancy_title tag_name=\u00a0\u00bbspan\u00a0\u00bb size=\u00a0\u00bb16&Prime; line_height=\u00a0\u00bb166&Prime; font_weight=\u00a0\u00bb500&Prime; txt_transform=\u00a0\u00bbnone\u00a0\u00bb margin_bottom=\u00a0\u00bb0&Prime; font_family=\u00a0\u00bbnone\u00a0\u00bb]L&rsquo;id\u00e9e de faire un trou dans votre plafond peut \u00eatre inqui\u00e9tante, mais avoir plus de lumi\u00e8re naturelle peut vraiment transformer votre espace de vie. Et soyez rassur\u00e9s: lorsque les travaux sont bien ex\u00e9cut\u00e9s, un puits de lumi\u00e8re ne comporte que des avantages. Tout comme pour la <a href=\"\/fr\/toiture-residentielle\/\">toiture<\/a>, il ne faut pas n\u00e9gliger des consid\u00e9rations importantes telles que l&rsquo;efficacit\u00e9 \u00e9nerg\u00e9tique, la r\u00e9sistance aux intemp\u00e9ries, l&rsquo;insonorisation et le choix de l&#8217;emplacement. Installer un puits de lumi\u00e8re est une d\u00e9cision importante, et vous voulez vous assurer que vous ne regretterez pas votre choix. Une des erreurs les plus communes est de ne pas choisir la bonne dimension. Nos experts peuvent vous aider \u00e0 choisir le bon type de puits de lumi\u00e8re ainsi que le bon emplacement et la bonne dimension, et r\u00e9aliser l&rsquo;installation selon les r\u00e8gles de l&rsquo;art. Vous n&rsquo;aurez plus qu&rsquo;\u00e0 profiter de la lumi\u00e8re naturelle qui illuminera votre espace et qui donnera une valeur ajout\u00e9e \u00e0 votre domicile.[\/mk_fancy_title][mk_padding_divider size=\u00a0\u00bb30&Prime; visibility=\u00a0\u00bbvisible-sm\u00a0\u00bb][\/vc_column][vc_column width=\u00a0\u00bb1\/2&Prime;][vc_single_image image=\u00a0\u00bb259&Prime; img_size=\u00a0\u00bb720&#215;480&Prime;][\/vc_column][\/vc_row][vc_row css=\u00a0\u00bb.vc_custom_1560963587550{padding-bottom: 90px !important;}\u00a0\u00bb][vc_column][mk_fancy_title size=\u00a0\u00bb32&Prime; force_font_size=\u00a0\u00bbtrue\u00a0\u00bb size_tablet=\u00a0\u00bb30&Prime; size_phone=\u00a0\u00bb28&Prime; font_weight=\u00a0\u00bb600&Prime; txt_transform=\u00a0\u00bbnone\u00a0\u00bb font_family=\u00a0\u00bbnone\u00a0\u00bb]Conseils avant l&rsquo;installation d&rsquo;une lucarne[\/mk_fancy_title][mk_fancy_title tag_name=\u00a0\u00bbspan\u00a0\u00bb size=\u00a0\u00bb16&Prime; line_height=\u00a0\u00bb166&Prime; font_weight=\u00a0\u00bb500&Prime; txt_transform=\u00a0\u00bbnone\u00a0\u00bb margin_bottom=\u00a0\u00bb0&Prime; font_family=\u00a0\u00bbnone\u00a0\u00bb]Vous devez tenir compte de plusieurs \u00e9l\u00e9ments lors de l&rsquo;achat de votre nouveau puits de lumi\u00e8re. Voici les 3 principaux:<\/p>\n<h3>1. Ne coupez pas dans les d\u00e9penses en achetant \u00e0 bas prix<\/h3>\n<p>Nous avons mentionn\u00e9 ci-dessus des consid\u00e9rations importantes \u00e0 ne pas n\u00e9gliger telles que l\u2019efficacit\u00e9 \u00e9nerg\u00e9tique, la r\u00e9sistance aux intemp\u00e9ries, l\u2019insonorisation mais d\u2019autres facteurs comme la charge et la r\u00e9sistance au vent, l&rsquo;ombrage, les rev\u00eatements anti-UV et la ventilation doivent \u00e9galement \u00eatre pris en compte.<\/p>\n<p>Plusieurs fabricants proposent des produits durables de haute qualit\u00e9 qui prot\u00e8gent non seulement votre maison, mais aussi notre plan\u00e8te.<\/p>\n<h3>2. Choisissez le bon emplacement<\/h3>\n<p>Votre puits de lumi\u00e8re doit \u00eatre positionn\u00e9 en fonction des chevrons de votre maison. Il est donc essentiel pour nos experts de pouvoir consulter les plans et les bleus de votre demeure afin de savoir o\u00f9 nous pouvons, ou ne pouvons pas, commencer \u00e0 d\u00e9couper des sections de votre toit.<\/p>\n<h3>3. Avez-vous d\u00e9j\u00e0 entendu parler d&rsquo;un puits de lumi\u00e8re auto-ventil\u00e9?<\/h3>\n<p>Actuellement sur le march\u00e9, plusieurs marques de puits de lumi\u00e8re proposent une option 2 en 1 qui permet de ventiler la pi\u00e8ce et de filtrer la lumi\u00e8re. En fonction de la pi\u00e8ce et de l&#8217;emplacement dans votre maison, cela pourrait \u00eatre une am\u00e9lioration int\u00e9ressante.<\/p>\n<p>Vous aimez votre puits de lumi\u00e8re actuel? Vous pensez qu&rsquo;il est encore en bon \u00e9tat? Envisagez l\u2019examen et la r<a href=\"\/fr\/reparation-puits-lumiere\/\">\u00e9paration de votre puits de lumi\u00e8re<\/a>. Nous avons les comp\u00e9tences, l&rsquo;exp\u00e9rience et les connaissances n\u00e9cessaires afin d\u2019effectuer une analyse sinc\u00e8re sur l\u2019\u00e9tat de votre puits de lumi\u00e8re existant. En effet, nous examinerons la situation et nous vous donnerons un avis honn\u00eate, afin que vous puissiez prendre une d\u00e9cision \u00e9clair\u00e9e et adapt\u00e9e \u00e0 votre cas.[\/mk_fancy_title][\/vc_column][\/vc_row][mk_page_section bg_color=\u00a0\u00bb#000000&Prime; js_vertical_centered=\u00a0\u00bbtrue\u00a0\u00bb padding_top=\u00a0\u00bb90&Prime; padding_bottom=\u00a0\u00bb90&Prime; sidebar=\u00a0\u00bbsidebar-1&Prime;][vc_column width=\u00a0\u00bb1\/2&Prime;][mk_fancy_title tag_name=\u00a0\u00bbh3&Prime; color=\u00a0\u00bb#ffffff\u00a0\u00bb size=\u00a0\u00bb36&Prime; force_font_size=\u00a0\u00bbtrue\u00a0\u00bb size_tablet=\u00a0\u00bb25&Prime; size_phone=\u00a0\u00bb20&Prime; font_weight=\u00a0\u00bb600&Prime; margin_bottom=\u00a0\u00bb0&Prime; font_family=\u00a0\u00bbnone\u00a0\u00bb]Illuminez votre espace avec une douce lumi\u00e8re naturelle.[\/mk_fancy_title][mk_padding_divider size=\u00a0\u00bb43&Prime; visibility=\u00a0\u00bbvisible-sm\u00a0\u00bb][\/vc_column][vc_column width=\u00a0\u00bb1\/2&Prime;][mk_button dimension=\u00a0\u00bboutline\u00a0\u00bb corner_style=\u00a0\u00bbrounded\u00a0\u00bb size=\u00a0\u00bblarge\u00a0\u00bb url=\u00a0\u00bb\/fr\/contact-couvreur-st-laurent\/\u00a0\u00bb align=\u00a0\u00bbcenter\u00a0\u00bb margin_bottom=\u00a0\u00bb0&Prime; margin_right=\u00a0\u00bb0&Prime; outline_skin=\u00a0\u00bblight\u00a0\u00bb]Pour des questions ou une soumission gratuite[\/mk_button][\/vc_column][\/mk_page_section]\n<\/div>","protected":false},"excerpt":{"rendered":"<p>[mk_page_section bg_image=\u00a0\u00bbhttp:\/\/bininngroofing.ca\/wp-content\/uploads\/2019\/05\/skylight-repair-opt.jpg\u00a0\u00bb bg_position=\u00a0\u00bbcenter center\u00a0\u00bb bg_repeat=\u00a0\u00bbno-repeat\u00a0\u00bb bg_stretch=\u00a0\u00bbtrue\u00a0\u00bb video_color_mask=\u00a0\u00bb#000000&Prime; video_opacity=\u00a0\u00bb0.3&Prime; min_height=\u00a0\u00bb700&Prime; js_vertical_centered=\u00a0\u00bbtrue\u00a0\u00bb sidebar=\u00a0\u00bbsidebar-1&Prime;][vc_column width=\u00a0\u00bb1\/12&Prime;][\/vc_column][vc_column width=\u00a0\u00bb5\/6&Prime;][mk_fancy_title tag_name=\u00a0\u00bbh1&Prime; color=\u00a0\u00bb#ffffff\u00a0\u00bb size=\u00a0\u00bb76&Prime; force_font_size=\u00a0\u00bbtrue\u00a0\u00bb size_smallscreen=\u00a0\u00bb\u00a0\u00bb size_tablet=\u00a0\u00bb50&Prime; size_phone=\u00a0\u00bb30&Prime; font_weight=\u00a0\u00bbbold\u00a0\u00bb txt_transform=\u00a0\u00bbnone\u00a0\u00bb font_family=\u00a0\u00bbnone\u00a0\u00bb align=\u00a0\u00bbcenter\u00a0\u00bb]Installation de puits de lumi\u00e8re[\/mk_fancy_title][mk_fancy_title tag_name=\u00a0\u00bbh3&Prime; color=\u00a0\u00bb#ffffff\u00a0\u00bb size=\u00a0\u00bb28&Prime; force_font_size=\u00a0\u00bbtrue\u00a0\u00bb size_phone=\u00a0\u00bb20&Prime; font_weight=\u00a0\u00bbbold\u00a0\u00bb txt_transform=\u00a0\u00bbnone\u00a0\u00bb font_family=\u00a0\u00bbnone\u00a0\u00bb align=\u00a0\u00bbcenter\u00a0\u00bb]Laissez entrer le soleil et illuminez votre espace de vie[\/mk_fancy_title][\/vc_column][vc_column width=\u00a0\u00bb1\/12&Prime;][\/vc_column][\/mk_page_section][vc_row css=\u00a0\u00bb.vc_custom_1560964165316{padding-top: 90px !important;padding-bottom: 60px !important;}\u00a0\u00bb][vc_column width=\u00a0\u00bb1\/2&Prime;][mk_fancy_title size=\u00a0\u00bb32&Prime; force_font_size=\u00a0\u00bbtrue\u00a0\u00bb [&hellip;]<\/p>\n","protected":false},"author":2,"featured_media":0,"parent":0,"menu_order":0,"comment_status":"closed","ping_status":"closed","template":"","meta":{"footnotes":""},"class_list":["post-406","page","type-page","status-publish","hentry"],"yoast_head":"<!-- This site is optimized with the Yoast SEO plugin v27.4 - https:\/\/yoast.com\/product\/yoast-seo-wordpress\/ -->\n<title>Installation de Puits de Lumi\u00e8re | Vaudreuil &amp; Montr\u00e9al | Toiture Bininng<\/title>\n<meta name=\"description\" content=\"Vous aimeriez ajouter un puits de lumi\u00e8re \u00e0 votre demeure? Appelez Toiture Bininng, service dans tout le Grand Montr\u00e9al.\" \/>\n<meta name=\"robots\" content=\"index, follow, max-snippet:-1, max-image-preview:large, max-video-preview:-1\" \/>\n<link rel=\"canonical\" href=\"https:\/\/bininngroofing.ca\/fr\/installation-puits-lumiere\/\" \/>\n<meta property=\"og:locale\" content=\"fr_CA\" \/>\n<meta property=\"og:type\" content=\"article\" \/>\n<meta property=\"og:title\" content=\"Installation de Puits de Lumi\u00e8re | Vaudreuil &amp; Montr\u00e9al | Toiture Bininng\" \/>\n<meta property=\"og:description\" content=\"Vous aimeriez ajouter un puits de lumi\u00e8re \u00e0 votre demeure? Appelez Toiture Bininng, service dans tout le Grand Montr\u00e9al.\" \/>\n<meta property=\"og:url\" content=\"https:\/\/bininngroofing.ca\/fr\/installation-puits-lumiere\/\" \/>\n<meta property=\"og:site_name\" content=\"Toiture Bininng Roofing\" \/>\n<meta property=\"article:modified_time\" content=\"2024-04-26T12:03:53+00:00\" \/>\n<meta name=\"twitter:card\" content=\"summary_large_image\" \/>\n<meta name=\"twitter:label1\" content=\"Estimation du temps de lecture\" \/>\n\t<meta name=\"twitter:data1\" content=\"3 minutes\" \/>\n<script type=\"application\/ld+json\" class=\"yoast-schema-graph\">{\"@context\":\"https:\\\/\\\/schema.org\",\"@graph\":[{\"@type\":\"WebPage\",\"@id\":\"https:\\\/\\\/bininngroofing.ca\\\/fr\\\/installation-puits-lumiere\\\/\",\"url\":\"https:\\\/\\\/bininngroofing.ca\\\/fr\\\/installation-puits-lumiere\\\/\",\"name\":\"Installation de Puits de Lumi\u00e8re | Vaudreuil & Montr\u00e9al | Toiture Bininng\",\"isPartOf\":{\"@id\":\"https:\\\/\\\/bininngroofing.ca\\\/fr\\\/#website\"},\"datePublished\":\"2019-06-19T17:14:17+00:00\",\"dateModified\":\"2024-04-26T12:03:53+00:00\",\"description\":\"Vous aimeriez ajouter un puits de lumi\u00e8re \u00e0 votre demeure? Appelez Toiture Bininng, service dans tout le Grand Montr\u00e9al.\",\"breadcrumb\":{\"@id\":\"https:\\\/\\\/bininngroofing.ca\\\/fr\\\/installation-puits-lumiere\\\/#breadcrumb\"},\"inLanguage\":\"fr-CA\",\"potentialAction\":[{\"@type\":\"ReadAction\",\"target\":[\"https:\\\/\\\/bininngroofing.ca\\\/fr\\\/installation-puits-lumiere\\\/\"]}]},{\"@type\":\"BreadcrumbList\",\"@id\":\"https:\\\/\\\/bininngroofing.ca\\\/fr\\\/installation-puits-lumiere\\\/#breadcrumb\",\"itemListElement\":[{\"@type\":\"ListItem\",\"position\":1,\"name\":\"Home\",\"item\":\"https:\\\/\\\/bininngroofing.ca\\\/fr\\\/\"},{\"@type\":\"ListItem\",\"position\":2,\"name\":\"Installation de puits de lumi\u00e8re\"}]},{\"@type\":\"WebSite\",\"@id\":\"https:\\\/\\\/bininngroofing.ca\\\/fr\\\/#website\",\"url\":\"https:\\\/\\\/bininngroofing.ca\\\/fr\\\/\",\"name\":\"Toiture Bininng Roofing\",\"description\":\"\",\"potentialAction\":[{\"@type\":\"SearchAction\",\"target\":{\"@type\":\"EntryPoint\",\"urlTemplate\":\"https:\\\/\\\/bininngroofing.ca\\\/fr\\\/?s={search_term_string}\"},\"query-input\":{\"@type\":\"PropertyValueSpecification\",\"valueRequired\":true,\"valueName\":\"search_term_string\"}}],\"inLanguage\":\"fr-CA\"}]}<\/script>\n<!-- \/ Yoast SEO plugin. -->","yoast_head_json":{"title":"Installation de Puits de Lumi\u00e8re | Vaudreuil & Montr\u00e9al | Toiture Bininng","description":"Vous aimeriez ajouter un puits de lumi\u00e8re \u00e0 votre demeure? Appelez Toiture Bininng, service dans tout le Grand Montr\u00e9al.","robots":{"index":"index","follow":"follow","max-snippet":"max-snippet:-1","max-image-preview":"max-image-preview:large","max-video-preview":"max-video-preview:-1"},"canonical":"https:\/\/bininngroofing.ca\/fr\/installation-puits-lumiere\/","og_locale":"fr_CA","og_type":"article","og_title":"Installation de Puits de Lumi\u00e8re | Vaudreuil & Montr\u00e9al | Toiture Bininng","og_description":"Vous aimeriez ajouter un puits de lumi\u00e8re \u00e0 votre demeure? Appelez Toiture Bininng, service dans tout le Grand Montr\u00e9al.","og_url":"https:\/\/bininngroofing.ca\/fr\/installation-puits-lumiere\/","og_site_name":"Toiture Bininng Roofing","article_modified_time":"2024-04-26T12:03:53+00:00","twitter_card":"summary_large_image","twitter_misc":{"Estimation du temps de lecture":"3 minutes"},"schema":{"@context":"https:\/\/schema.org","@graph":[{"@type":"WebPage","@id":"https:\/\/bininngroofing.ca\/fr\/installation-puits-lumiere\/","url":"https:\/\/bininngroofing.ca\/fr\/installation-puits-lumiere\/","name":"Installation de Puits de Lumi\u00e8re | Vaudreuil & Montr\u00e9al | Toiture Bininng","isPartOf":{"@id":"https:\/\/bininngroofing.ca\/fr\/#website"},"datePublished":"2019-06-19T17:14:17+00:00","dateModified":"2024-04-26T12:03:53+00:00","description":"Vous aimeriez ajouter un puits de lumi\u00e8re \u00e0 votre demeure? Appelez Toiture Bininng, service dans tout le Grand Montr\u00e9al.","breadcrumb":{"@id":"https:\/\/bininngroofing.ca\/fr\/installation-puits-lumiere\/#breadcrumb"},"inLanguage":"fr-CA","potentialAction":[{"@type":"ReadAction","target":["https:\/\/bininngroofing.ca\/fr\/installation-puits-lumiere\/"]}]},{"@type":"BreadcrumbList","@id":"https:\/\/bininngroofing.ca\/fr\/installation-puits-lumiere\/#breadcrumb","itemListElement":[{"@type":"ListItem","position":1,"name":"Home","item":"https:\/\/bininngroofing.ca\/fr\/"},{"@type":"ListItem","position":2,"name":"Installation de puits de lumi\u00e8re"}]},{"@type":"WebSite","@id":"https:\/\/bininngroofing.ca\/fr\/#website","url":"https:\/\/bininngroofing.ca\/fr\/","name":"Toiture Bininng Roofing","description":"","potentialAction":[{"@type":"SearchAction","target":{"@type":"EntryPoint","urlTemplate":"https:\/\/bininngroofing.ca\/fr\/?s={search_term_string}"},"query-input":{"@type":"PropertyValueSpecification","valueRequired":true,"valueName":"search_term_string"}}],"inLanguage":"fr-CA"}]}},"_links":{"self":[{"href":"https:\/\/bininngroofing.ca\/fr\/wp-json\/wp\/v2\/pages\/406","targetHints":{"allow":["GET"]}}],"collection":[{"href":"https:\/\/bininngroofing.ca\/fr\/wp-json\/wp\/v2\/pages"}],"about":[{"href":"https:\/\/bininngroofing.ca\/fr\/wp-json\/wp\/v2\/types\/page"}],"author":[{"embeddable":true,"href":"https:\/\/bininngroofing.ca\/fr\/wp-json\/wp\/v2\/users\/2"}],"replies":[{"embeddable":true,"href":"https:\/\/bininngroofing.ca\/fr\/wp-json\/wp\/v2\/comments?post=406"}],"version-history":[{"count":8,"href":"https:\/\/bininngroofing.ca\/fr\/wp-json\/wp\/v2\/pages\/406\/revisions"}],"predecessor-version":[{"id":1209,"href":"https:\/\/bininngroofing.ca\/fr\/wp-json\/wp\/v2\/pages\/406\/revisions\/1209"}],"wp:attachment":[{"href":"https:\/\/bininngroofing.ca\/fr\/wp-json\/wp\/v2\/media?parent=406"}],"curies":[{"name":"wp","href":"https:\/\/api.w.org\/{rel}","templated":true}]}}