{"id":405,"date":"2017-09-12T12:51:15","date_gmt":"2017-09-12T07:51:15","guid":{"rendered":"http:\/\/bininngroofing.ca\/residential-roofing\/"},"modified":"2021-05-27T20:27:53","modified_gmt":"2021-05-27T15:27:53","slug":"toiture-residentielle","status":"publish","type":"page","link":"https:\/\/bininngroofing.ca\/fr\/toiture-residentielle\/","title":{"rendered":"Toiture"},"content":{"rendered":"<div class=\"wpb-content-wrapper\">[mk_page_section bg_image=\u00a0\u00bbhttp:\/\/bininngroofing.ca\/wp-content\/uploads\/2019\/05\/residential-roofing-opt.jpg\u00a0\u00bb bg_position=\u00a0\u00bbcenter center\u00a0\u00bb bg_repeat=\u00a0\u00bbno-repeat\u00a0\u00bb bg_stretch=\u00a0\u00bbtrue\u00a0\u00bb video_color_mask=\u00a0\u00bb#000000&Prime; video_opacity=\u00a0\u00bb0.3&Prime; min_height=\u00a0\u00bb700&Prime; js_vertical_centered=\u00a0\u00bbtrue\u00a0\u00bb sidebar=\u00a0\u00bbsidebar-1&Prime;][vc_column width=\u00a0\u00bb1\/6&Prime;][\/vc_column][vc_column width=\u00a0\u00bb2\/3&Prime;][mk_fancy_title tag_name=\u00a0\u00bbh1&Prime; color=\u00a0\u00bb#ffffff\u00a0\u00bb size=\u00a0\u00bb92&Prime; force_font_size=\u00a0\u00bbtrue\u00a0\u00bb size_smallscreen=\u00a0\u00bb\u00a0\u00bb size_tablet=\u00a0\u00bb50&Prime; size_phone=\u00a0\u00bb30&Prime; font_weight=\u00a0\u00bbbold\u00a0\u00bb txt_transform=\u00a0\u00bbcapitalize\u00a0\u00bb font_family=\u00a0\u00bbnone\u00a0\u00bb align=\u00a0\u00bbcenter\u00a0\u00bb]Toiture r\u00e9sidentielle[\/mk_fancy_title][mk_fancy_title tag_name=\u00a0\u00bbh3&Prime; color=\u00a0\u00bb#ffffff\u00a0\u00bb size=\u00a0\u00bb28&Prime; force_font_size=\u00a0\u00bbtrue\u00a0\u00bb size_phone=\u00a0\u00bb20&Prime; font_weight=\u00a0\u00bbbold\u00a0\u00bb txt_transform=\u00a0\u00bbnone\u00a0\u00bb font_family=\u00a0\u00bbnone\u00a0\u00bb align=\u00a0\u00bbcenter\u00a0\u00bb]\n<p>Choisissez les meilleurs pour couvrir,<br \/>\nprot\u00e9ger et embellir votre demeure<\/p>\n[\/mk_fancy_title][\/vc_column][vc_column width=\u00a0\u00bb1\/6&Prime;][\/vc_column][\/mk_page_section][vc_row css=\u00a0\u00bb.vc_custom_1560963284991{padding-top: 90px !important;padding-bottom: 90px !important;}\u00a0\u00bb][vc_column][mk_fancy_title size=\u00a0\u00bb32&Prime; force_font_size=\u00a0\u00bbtrue\u00a0\u00bb size_tablet=\u00a0\u00bb30&Prime; size_phone=\u00a0\u00bb28&Prime; font_weight=\u00a0\u00bb600&Prime; txt_transform=\u00a0\u00bbnone\u00a0\u00bb font_family=\u00a0\u00bbnone\u00a0\u00bb]R\u00e9paration de toiture d&rsquo;urgence[\/mk_fancy_title][mk_fancy_title tag_name=\u00a0\u00bbspan\u00a0\u00bb size=\u00a0\u00bb16&Prime; line_height=\u00a0\u00bb166&Prime; font_weight=\u00a0\u00bb500&Prime; txt_transform=\u00a0\u00bbnone\u00a0\u00bb margin_bottom=\u00a0\u00bb0&Prime; font_family=\u00a0\u00bbnone\u00a0\u00bb]Un toit qui fuit n&rsquo;est pas le genre de probl\u00e8me qui peut \u00eatre remis au lendemain et dans ce genre de situation, l&rsquo;id\u00e9al est d&rsquo;avoir un expert pour vous conseiller. Ce n&rsquo;est pas tous les entrepreneurs qui peuvent g\u00e9rer ce genre de situation. Vous ne devriez jamais aller sur le toit vous-m\u00eames ou envoyer quelqu&rsquo;un qui n&rsquo;a pas l&rsquo;expertise et l&rsquo;\u00e9quipement requis &#8211; tout particuli\u00e8rement si la m\u00e9t\u00e9o n&rsquo;est pas favorable.<\/p>\n<p>Notre \u00e9quipe peut \u00e9valuer et r\u00e9gler rapidement les fuites provenant de votre toiture ou de votre puits de lumi\u00e8re. Les dommages peuvent \u00eatre caus\u00e9s par de fortes pluies, de la gr\u00eale, de grands vents ou d&rsquo;autres conditions m\u00e9t\u00e9orologiques difficiles. Nous intervenons alors rapidement pour faire les r\u00e9parations requises et nos travaux incluent une garantie de 10 ans pour la main-d&rsquo;oeuvre.[\/mk_fancy_title][\/vc_column][\/vc_row][vc_row css=\u00a0\u00bb.vc_custom_1560963587550{padding-bottom: 90px !important;}\u00a0\u00bb][vc_column][mk_fancy_title size=\u00a0\u00bb32&Prime; force_font_size=\u00a0\u00bbtrue\u00a0\u00bb size_tablet=\u00a0\u00bb30&Prime; size_phone=\u00a0\u00bb28&Prime; font_weight=\u00a0\u00bb600&Prime; txt_transform=\u00a0\u00bbnone\u00a0\u00bb font_family=\u00a0\u00bbnone\u00a0\u00bb]BP et IKO, parce que nous options pour les meilleurs produits[\/mk_fancy_title][mk_fancy_title tag_name=\u00a0\u00bbspan\u00a0\u00bb size=\u00a0\u00bb16&Prime; line_height=\u00a0\u00bb166&Prime; font_weight=\u00a0\u00bb500&Prime; txt_transform=\u00a0\u00bbnone\u00a0\u00bb margin_bottom=\u00a0\u00bb0&Prime; font_family=\u00a0\u00bbnone\u00a0\u00bb]Les bardeaux d&rsquo;asphalte BP vous offrent la protection maximale et utilisent la technologie Weather-TiteTM, avec deux bandes d&rsquo;adh\u00e9sif \u00e0 forte adh\u00e9rence. Leurs bardeaux \u00e0 trois pattes classiques ont d\u00e9montr\u00e9 leur performance et leur durabilit\u00e9 et sont offerts dans une grande vari\u00e9t\u00e9 de couleurs. Leurs bardeaux architecturaux haut de gamme, quant \u00e0 eux, sont offerts dans une riche palette de couleurs et offrent une durabilit\u00e9 sup\u00e9rieure. Nous choisissons aussi BP pour des protections pour les goutti\u00e8res, des sous-couches hautement performantes pour les toitures et les bardeaux de d\u00e9part.<\/p>\n<p>Notre second fournisseur, IKO, se sp\u00e9cialise dans les toitures, l&rsquo;imperm\u00e9abilisation et l&rsquo;isolation. IKO est un pionnier et un leader dans le domaine de la toiture. Pour une protection optimale contre les intemp\u00e9ries, IKO fabrique ses bardeaux d&rsquo;asphalte avec des couches de fibre de glace parmi les plus lourdes en Am\u00e9rique du Nord et en Europe. En plus des bardeaux de premi\u00e8re qualit\u00e9, IKO offre des produits tels que des protections contre la glace et l&rsquo;eau, des mat\u00e9riaux de sous-couche, des bardeaux de d\u00e9part, des bardeaux de fa\u00eetage et des panneaux isolants.[\/mk_fancy_title][mk_gallery images=\u00a0\u00bb385,261,237,383,229&Prime; style=\u00a0\u00bbstyle1&Prime; height=\u00a0\u00bb332&Prime; item_spacing=\u00a0\u00bb0&Prime;][\/vc_column][\/vc_row][vc_row css=\u00a0\u00bb.vc_custom_1560963577844{padding-bottom: 90px !important;}\u00a0\u00bb][vc_column][mk_fancy_title size=\u00a0\u00bb32&Prime; force_font_size=\u00a0\u00bbtrue\u00a0\u00bb size_tablet=\u00a0\u00bb30&Prime; size_phone=\u00a0\u00bb28&Prime; font_weight=\u00a0\u00bb600&Prime; txt_transform=\u00a0\u00bbnone\u00a0\u00bb font_family=\u00a0\u00bbnone\u00a0\u00bb]Installation de puits de lumi\u00e8re[\/mk_fancy_title][mk_fancy_title tag_name=\u00a0\u00bbspan\u00a0\u00bb size=\u00a0\u00bb16&Prime; line_height=\u00a0\u00bb166&Prime; font_weight=\u00a0\u00bb500&Prime; txt_transform=\u00a0\u00bbnone\u00a0\u00bb margin_bottom=\u00a0\u00bb0&Prime; font_family=\u00a0\u00bbnone\u00a0\u00bb]Si vous songez \u00e0 l&rsquo;<a href=\"\/fr\/installation-puits-lumiere\/\">installation d&rsquo;un puits de lumi\u00e8re<\/a>, nous pouvons vous conseiller pour bien \u00e9valuer les diff\u00e9rents facteurs \u00e0 prendre en compte: efficacit\u00e9 \u00e9nerg\u00e9tique, r\u00e9sistance au vent, emplacement, r\u00e9duction du bruit et plus. Faites confiance \u00e0 nos experts pour vous guider vers les meilleurs choix pour votre puits de lumi\u00e8re.[\/mk_fancy_title][\/vc_column][\/vc_row][mk_page_section bg_color=\u00a0\u00bb#000000&Prime; js_vertical_centered=\u00a0\u00bbtrue\u00a0\u00bb padding_top=\u00a0\u00bb90&Prime; padding_bottom=\u00a0\u00bb90&Prime; sidebar=\u00a0\u00bbsidebar-1&Prime;][vc_column width=\u00a0\u00bb1\/2&Prime;][mk_fancy_title tag_name=\u00a0\u00bbh3&Prime; color=\u00a0\u00bb#ffffff\u00a0\u00bb size=\u00a0\u00bb36&Prime; force_font_size=\u00a0\u00bbtrue\u00a0\u00bb size_tablet=\u00a0\u00bb25&Prime; size_phone=\u00a0\u00bb20&Prime; font_weight=\u00a0\u00bb600&Prime; txt_transform=\u00a0\u00bbnone\u00a0\u00bb margin_bottom=\u00a0\u00bb0&Prime; font_family=\u00a0\u00bbnone\u00a0\u00bb]Besoin de refaire<br \/>\nvotre toiture?<br \/>\nC&rsquo;est notre sp\u00e9cialit\u00e9.[\/mk_fancy_title][mk_padding_divider size=\u00a0\u00bb43&Prime; visibility=\u00a0\u00bbvisible-sm\u00a0\u00bb][\/vc_column][vc_column width=\u00a0\u00bb1\/2&Prime;][mk_button dimension=\u00a0\u00bboutline\u00a0\u00bb corner_style=\u00a0\u00bbrounded\u00a0\u00bb size=\u00a0\u00bblarge\u00a0\u00bb url=\u00a0\u00bb\/fr\/contact-couvreur-st-laurent\/\u00a0\u00bb align=\u00a0\u00bbcenter\u00a0\u00bb margin_bottom=\u00a0\u00bb0&Prime; margin_right=\u00a0\u00bb0&Prime; outline_skin=\u00a0\u00bblight\u00a0\u00bb]Demandez une estimation gratuite[\/mk_button][\/vc_column][\/mk_page_section]\n<\/div>","protected":false},"excerpt":{"rendered":"<p>[mk_page_section bg_image=\u00a0\u00bbhttp:\/\/bininngroofing.ca\/wp-content\/uploads\/2019\/05\/residential-roofing-opt.jpg\u00a0\u00bb bg_position=\u00a0\u00bbcenter center\u00a0\u00bb bg_repeat=\u00a0\u00bbno-repeat\u00a0\u00bb bg_stretch=\u00a0\u00bbtrue\u00a0\u00bb video_color_mask=\u00a0\u00bb#000000&Prime; video_opacity=\u00a0\u00bb0.3&Prime; min_height=\u00a0\u00bb700&Prime; js_vertical_centered=\u00a0\u00bbtrue\u00a0\u00bb sidebar=\u00a0\u00bbsidebar-1&Prime;][vc_column width=\u00a0\u00bb1\/6&Prime;][\/vc_column][vc_column width=\u00a0\u00bb2\/3&Prime;][mk_fancy_title tag_name=\u00a0\u00bbh1&Prime; color=\u00a0\u00bb#ffffff\u00a0\u00bb size=\u00a0\u00bb92&Prime; force_font_size=\u00a0\u00bbtrue\u00a0\u00bb size_smallscreen=\u00a0\u00bb\u00a0\u00bb size_tablet=\u00a0\u00bb50&Prime; size_phone=\u00a0\u00bb30&Prime; font_weight=\u00a0\u00bbbold\u00a0\u00bb txt_transform=\u00a0\u00bbcapitalize\u00a0\u00bb font_family=\u00a0\u00bbnone\u00a0\u00bb align=\u00a0\u00bbcenter\u00a0\u00bb]Toiture r\u00e9sidentielle[\/mk_fancy_title][mk_fancy_title tag_name=\u00a0\u00bbh3&Prime; color=\u00a0\u00bb#ffffff\u00a0\u00bb size=\u00a0\u00bb28&Prime; force_font_size=\u00a0\u00bbtrue\u00a0\u00bb size_phone=\u00a0\u00bb20&Prime; font_weight=\u00a0\u00bbbold\u00a0\u00bb txt_transform=\u00a0\u00bbnone\u00a0\u00bb font_family=\u00a0\u00bbnone\u00a0\u00bb align=\u00a0\u00bbcenter\u00a0\u00bb] Choisissez les meilleurs pour couvrir, prot\u00e9ger et embellir votre demeure [\/mk_fancy_title][\/vc_column][vc_column width=\u00a0\u00bb1\/6&Prime;][\/vc_column][\/mk_page_section][vc_row css=\u00a0\u00bb.vc_custom_1560963284991{padding-top: 90px !important;padding-bottom: 90px !important;}\u00a0\u00bb][vc_column][mk_fancy_title size=\u00a0\u00bb32&Prime; force_font_size=\u00a0\u00bbtrue\u00a0\u00bb size_tablet=\u00a0\u00bb30&Prime; size_phone=\u00a0\u00bb28&Prime; [&hellip;]<\/p>\n","protected":false},"author":1,"featured_media":0,"parent":0,"menu_order":0,"comment_status":"closed","ping_status":"closed","template":"","meta":{"footnotes":""},"class_list":["post-405","page","type-page","status-publish","hentry"],"yoast_head":"<!-- This site is optimized with the Yoast SEO plugin v27.4 - https:\/\/yoast.com\/product\/yoast-seo-wordpress\/ -->\n<title>Toiture R\u00e9sidentielle | Bardeaux\/R\u00e9paration Urgence | Toiture Bininng<\/title>\n<meta name=\"description\" content=\"Pour une toiture r\u00e9sidentielle de qualit\u00e9 sup\u00e9rieure dans le Grand Montr\u00e9al, contactez Toiture Bininng. Disponible pour r\u00e9paration d&#039;urgence.\" \/>\n<meta name=\"robots\" content=\"index, follow, max-snippet:-1, max-image-preview:large, max-video-preview:-1\" \/>\n<link rel=\"canonical\" href=\"https:\/\/bininngroofing.ca\/fr\/toiture-residentielle\/\" \/>\n<meta property=\"og:locale\" content=\"fr_CA\" \/>\n<meta property=\"og:type\" content=\"article\" \/>\n<meta property=\"og:title\" content=\"Toiture R\u00e9sidentielle | Bardeaux\/R\u00e9paration Urgence | Toiture Bininng\" \/>\n<meta property=\"og:description\" content=\"Pour une toiture r\u00e9sidentielle de qualit\u00e9 sup\u00e9rieure dans le Grand Montr\u00e9al, contactez Toiture Bininng. Disponible pour r\u00e9paration d&#039;urgence.\" \/>\n<meta property=\"og:url\" content=\"https:\/\/bininngroofing.ca\/fr\/toiture-residentielle\/\" \/>\n<meta property=\"og:site_name\" content=\"Toiture Bininng Roofing\" \/>\n<meta property=\"article:modified_time\" content=\"2021-05-27T15:27:53+00:00\" \/>\n<meta name=\"twitter:card\" content=\"summary_large_image\" \/>\n<meta name=\"twitter:label1\" content=\"Estimation du temps de lecture\" \/>\n\t<meta name=\"twitter:data1\" content=\"4 minutes\" \/>\n<script type=\"application\/ld+json\" class=\"yoast-schema-graph\">{\"@context\":\"https:\\\/\\\/schema.org\",\"@graph\":[{\"@type\":\"WebPage\",\"@id\":\"https:\\\/\\\/bininngroofing.ca\\\/fr\\\/toiture-residentielle\\\/\",\"url\":\"https:\\\/\\\/bininngroofing.ca\\\/fr\\\/toiture-residentielle\\\/\",\"name\":\"Toiture R\u00e9sidentielle | Bardeaux\\\/R\u00e9paration Urgence | Toiture Bininng\",\"isPartOf\":{\"@id\":\"https:\\\/\\\/bininngroofing.ca\\\/fr\\\/#website\"},\"datePublished\":\"2017-09-12T07:51:15+00:00\",\"dateModified\":\"2021-05-27T15:27:53+00:00\",\"description\":\"Pour une toiture r\u00e9sidentielle de qualit\u00e9 sup\u00e9rieure dans le Grand Montr\u00e9al, contactez Toiture Bininng. Disponible pour r\u00e9paration d'urgence.\",\"breadcrumb\":{\"@id\":\"https:\\\/\\\/bininngroofing.ca\\\/fr\\\/toiture-residentielle\\\/#breadcrumb\"},\"inLanguage\":\"fr-CA\",\"potentialAction\":[{\"@type\":\"ReadAction\",\"target\":[\"https:\\\/\\\/bininngroofing.ca\\\/fr\\\/toiture-residentielle\\\/\"]}]},{\"@type\":\"BreadcrumbList\",\"@id\":\"https:\\\/\\\/bininngroofing.ca\\\/fr\\\/toiture-residentielle\\\/#breadcrumb\",\"itemListElement\":[{\"@type\":\"ListItem\",\"position\":1,\"name\":\"Home\",\"item\":\"https:\\\/\\\/bininngroofing.ca\\\/fr\\\/\"},{\"@type\":\"ListItem\",\"position\":2,\"name\":\"Toiture\"}]},{\"@type\":\"WebSite\",\"@id\":\"https:\\\/\\\/bininngroofing.ca\\\/fr\\\/#website\",\"url\":\"https:\\\/\\\/bininngroofing.ca\\\/fr\\\/\",\"name\":\"Toiture Bininng Roofing\",\"description\":\"\",\"potentialAction\":[{\"@type\":\"SearchAction\",\"target\":{\"@type\":\"EntryPoint\",\"urlTemplate\":\"https:\\\/\\\/bininngroofing.ca\\\/fr\\\/?s={search_term_string}\"},\"query-input\":{\"@type\":\"PropertyValueSpecification\",\"valueRequired\":true,\"valueName\":\"search_term_string\"}}],\"inLanguage\":\"fr-CA\"}]}<\/script>\n<!-- \/ Yoast SEO plugin. -->","yoast_head_json":{"title":"Toiture R\u00e9sidentielle | Bardeaux\/R\u00e9paration Urgence | Toiture Bininng","description":"Pour une toiture r\u00e9sidentielle de qualit\u00e9 sup\u00e9rieure dans le Grand Montr\u00e9al, contactez Toiture Bininng. Disponible pour r\u00e9paration d'urgence.","robots":{"index":"index","follow":"follow","max-snippet":"max-snippet:-1","max-image-preview":"max-image-preview:large","max-video-preview":"max-video-preview:-1"},"canonical":"https:\/\/bininngroofing.ca\/fr\/toiture-residentielle\/","og_locale":"fr_CA","og_type":"article","og_title":"Toiture R\u00e9sidentielle | Bardeaux\/R\u00e9paration Urgence | Toiture Bininng","og_description":"Pour une toiture r\u00e9sidentielle de qualit\u00e9 sup\u00e9rieure dans le Grand Montr\u00e9al, contactez Toiture Bininng. Disponible pour r\u00e9paration d'urgence.","og_url":"https:\/\/bininngroofing.ca\/fr\/toiture-residentielle\/","og_site_name":"Toiture Bininng Roofing","article_modified_time":"2021-05-27T15:27:53+00:00","twitter_card":"summary_large_image","twitter_misc":{"Estimation du temps de lecture":"4 minutes"},"schema":{"@context":"https:\/\/schema.org","@graph":[{"@type":"WebPage","@id":"https:\/\/bininngroofing.ca\/fr\/toiture-residentielle\/","url":"https:\/\/bininngroofing.ca\/fr\/toiture-residentielle\/","name":"Toiture R\u00e9sidentielle | Bardeaux\/R\u00e9paration Urgence | Toiture Bininng","isPartOf":{"@id":"https:\/\/bininngroofing.ca\/fr\/#website"},"datePublished":"2017-09-12T07:51:15+00:00","dateModified":"2021-05-27T15:27:53+00:00","description":"Pour une toiture r\u00e9sidentielle de qualit\u00e9 sup\u00e9rieure dans le Grand Montr\u00e9al, contactez Toiture Bininng. Disponible pour r\u00e9paration d'urgence.","breadcrumb":{"@id":"https:\/\/bininngroofing.ca\/fr\/toiture-residentielle\/#breadcrumb"},"inLanguage":"fr-CA","potentialAction":[{"@type":"ReadAction","target":["https:\/\/bininngroofing.ca\/fr\/toiture-residentielle\/"]}]},{"@type":"BreadcrumbList","@id":"https:\/\/bininngroofing.ca\/fr\/toiture-residentielle\/#breadcrumb","itemListElement":[{"@type":"ListItem","position":1,"name":"Home","item":"https:\/\/bininngroofing.ca\/fr\/"},{"@type":"ListItem","position":2,"name":"Toiture"}]},{"@type":"WebSite","@id":"https:\/\/bininngroofing.ca\/fr\/#website","url":"https:\/\/bininngroofing.ca\/fr\/","name":"Toiture Bininng Roofing","description":"","potentialAction":[{"@type":"SearchAction","target":{"@type":"EntryPoint","urlTemplate":"https:\/\/bininngroofing.ca\/fr\/?s={search_term_string}"},"query-input":{"@type":"PropertyValueSpecification","valueRequired":true,"valueName":"search_term_string"}}],"inLanguage":"fr-CA"}]}},"_links":{"self":[{"href":"https:\/\/bininngroofing.ca\/fr\/wp-json\/wp\/v2\/pages\/405","targetHints":{"allow":["GET"]}}],"collection":[{"href":"https:\/\/bininngroofing.ca\/fr\/wp-json\/wp\/v2\/pages"}],"about":[{"href":"https:\/\/bininngroofing.ca\/fr\/wp-json\/wp\/v2\/types\/page"}],"author":[{"embeddable":true,"href":"https:\/\/bininngroofing.ca\/fr\/wp-json\/wp\/v2\/users\/1"}],"replies":[{"embeddable":true,"href":"https:\/\/bininngroofing.ca\/fr\/wp-json\/wp\/v2\/comments?post=405"}],"version-history":[{"count":7,"href":"https:\/\/bininngroofing.ca\/fr\/wp-json\/wp\/v2\/pages\/405\/revisions"}],"predecessor-version":[{"id":1214,"href":"https:\/\/bininngroofing.ca\/fr\/wp-json\/wp\/v2\/pages\/405\/revisions\/1214"}],"wp:attachment":[{"href":"https:\/\/bininngroofing.ca\/fr\/wp-json\/wp\/v2\/media?parent=405"}],"curies":[{"name":"wp","href":"https:\/\/api.w.org\/{rel}","templated":true}]}}