{"id":404,"date":"2017-09-12T12:35:53","date_gmt":"2017-09-12T12:35:53","guid":{"rendered":"http:\/\/bininngroofing.ca\/home\/"},"modified":"2024-04-26T17:08:36","modified_gmt":"2024-04-26T12:08:36","slug":"home","status":"publish","type":"page","link":"https:\/\/bininngroofing.ca\/fr\/","title":{"rendered":"Accueil"},"content":{"rendered":"<div class=\"wpb-content-wrapper\">[mk_page_section bg_image=\u00a0\u00bbhttp:\/\/bininngroofing.ca\/wp-content\/uploads\/2019\/05\/asphalt-shingle-roof-opt.jpg\u00a0\u00bb bg_repeat=\u00a0\u00bbno-repeat\u00a0\u00bb bg_stretch=\u00a0\u00bbtrue\u00a0\u00bb video_color_mask=\u00a0\u00bb#000000&Prime; video_opacity=\u00a0\u00bb0.4&Prime; min_height=\u00a0\u00bb1030&Prime; js_vertical_centered=\u00a0\u00bbtrue\u00a0\u00bb sidebar=\u00a0\u00bbsidebar-1&Prime;][vc_column][mk_fancy_title tag_name=\u00a0\u00bbh1&Prime; color=\u00a0\u00bb#ffffff\u00a0\u00bb size=\u00a0\u00bb72&Prime; force_font_size=\u00a0\u00bbtrue\u00a0\u00bb size_tablet=\u00a0\u00bb48&Prime; size_phone=\u00a0\u00bb32&Prime; font_weight=\u00a0\u00bbbold\u00a0\u00bb font_family=\u00a0\u00bbnone\u00a0\u00bb align=\u00a0\u00bbcenter\u00a0\u00bb]Couvreurs desservant<br \/>\n<span style=\"display: inline-block;\"><span style=\"display: inline-block;\">Ouest de l&rsquo;\u00cele \u2022 Vaudreuil<\/span><\/span><span style=\"display: inline-block;\"><span style=\"display: inline-block;\">St-Laurent \u2022 Montr\u00e9al<\/span><\/span>[\/mk_fancy_title][mk_fancy_title color=\u00a0\u00bb#ffffff\u00a0\u00bb size=\u00a0\u00bb28&Prime; force_font_size=\u00a0\u00bbtrue\u00a0\u00bb size_phone=\u00a0\u00bb20&Prime; font_weight=\u00a0\u00bbbold\u00a0\u00bb txt_transform=\u00a0\u00bbnone\u00a0\u00bb font_family=\u00a0\u00bbnone\u00a0\u00bb align=\u00a0\u00bbcenter\u00a0\u00bb]Pour une toiture de qualit\u00e9 qui durera longtemps&#8230;[\/mk_fancy_title][mk_button dimension=\u00a0\u00bboutline\u00a0\u00bb corner_style=\u00a0\u00bbrounded\u00a0\u00bb size=\u00a0\u00bblarge\u00a0\u00bb url=\u00a0\u00bb\/fr\/contact-couvreur-st-laurent\/\u00a0\u00bb align=\u00a0\u00bbcenter\u00a0\u00bb margin_bottom=\u00a0\u00bb0&Prime; margin_right=\u00a0\u00bb0&Prime; outline_skin=\u00a0\u00bblight\u00a0\u00bb]Demandez une soumission[\/mk_button][\/vc_column][\/mk_page_section][vc_row][vc_column][mk_padding_divider size=\u00a0\u00bb90&Prime;][\/vc_column][\/vc_row][vc_row css=\u00a0\u00bb.vc_custom_1559317266887{padding-bottom: 90px !important;}\u00a0\u00bb][vc_column width=\u00a0\u00bb1\/2&Prime;][mk_fancy_title color=\u00a0\u00bb#2a2d2e\u00a0\u00bb size=\u00a0\u00bb32&Prime; force_font_size=\u00a0\u00bbtrue\u00a0\u00bb size_tablet=\u00a0\u00bb28&Prime; size_phone=\u00a0\u00bb24&Prime; font_weight=\u00a0\u00bb600&Prime; font_family=\u00a0\u00bbnone\u00a0\u00bb]Couvreur professionnel se sp\u00e9cialisant en toitures de bardeaux d&rsquo;asphalte et installation et r\u00e9paration de puits de lumi\u00e8res[\/mk_fancy_title][mk_fancy_title tag_name=\u00a0\u00bbspan\u00a0\u00bb color=\u00a0\u00bb#2a2d2e\u00a0\u00bb size=\u00a0\u00bb16&Prime; line_height=\u00a0\u00bb166&Prime; font_weight=\u00a0\u00bb500&Prime; txt_transform=\u00a0\u00bbnone\u00a0\u00bb font_family=\u00a0\u00bbnone\u00a0\u00bb]Situ\u00e9 \u00e0 Vaudreuil-Dorion, en banlieue de Montr\u00e9al, Toiture Bininng compte sur une \u00e9quipe de couvreurs exp\u00e9riment\u00e9s, int\u00e8gres et consciencieux pour qui la s\u00e9curit\u00e9 est une priorit\u00e9. Que votre projet soit simple ou complexe, vous faites le bon choix en nous confiant votre toiture. Nos couvreurs m\u00e8neront votre projet en toute transparence, tout en s&rsquo;assurant que celui-ci sera \u00e0 votre enti\u00e8re satisfaction et r\u00e9pondra parfaitement \u00e0 vos besoins. Nous construisons des toitures r\u00e9sidentielles solides, durables et d&rsquo;un esth\u00e9tisme qui se d\u00e9marque, tout en vous offrant des prix comp\u00e9titifs. Vous souhaitez avoir un puits de lumi\u00e8re ou une toiture de bardeaux bien install\u00e9e? Ne cherchez plus. C&rsquo;est notre sp\u00e9cialit\u00e9 et nous nous d\u00e9marquons par la qualit\u00e9 de nos travaux depuis des ann\u00e9es.[\/mk_fancy_title][mk_button dimension=\u00a0\u00bboutline\u00a0\u00bb corner_style=\u00a0\u00bbrounded\u00a0\u00bb size=\u00a0\u00bblarge\u00a0\u00bb url=\u00a0\u00bb\/fr\/a-propos-toiture-bininng\/\u00a0\u00bb margin_bottom=\u00a0\u00bb0&Prime; margin_right=\u00a0\u00bb0&Prime;]En savoir plus sur notre entreprise[\/mk_button][\/vc_column][vc_column width=\u00a0\u00bb1\/2&Prime;][mk_padding_divider size=\u00a0\u00bb10&Prime;][vc_single_image image=\u00a0\u00bb231&Prime; img_size=\u00a0\u00bbfull\u00a0\u00bb][\/vc_column][\/vc_row][vc_row css=\u00a0\u00bb.vc_custom_1559317274086{padding-bottom: 90px !important;}\u00a0\u00bb][vc_column width=\u00a0\u00bb1\/2&Prime;][mk_padding_divider size=\u00a0\u00bb10&Prime;][vc_single_image image=\u00a0\u00bb375&Prime; img_size=\u00a0\u00bb768&#215;640&Prime;][\/vc_column][vc_column width=\u00a0\u00bb1\/2&Prime;][mk_fancy_title color=\u00a0\u00bb#2a2d2e\u00a0\u00bb size=\u00a0\u00bb32&Prime; force_font_size=\u00a0\u00bbtrue\u00a0\u00bb size_tablet=\u00a0\u00bb28&Prime; size_phone=\u00a0\u00bb24&Prime; font_weight=\u00a0\u00bb600&Prime; font_family=\u00a0\u00bbnone\u00a0\u00bb]La toiture de bardeaux d&rsquo;asphalte: un choix logique[\/mk_fancy_title][mk_fancy_title tag_name=\u00a0\u00bbspan\u00a0\u00bb color=\u00a0\u00bb#2a2d2e\u00a0\u00bb size=\u00a0\u00bb16&Prime; line_height=\u00a0\u00bb166&Prime; font_weight=\u00a0\u00bb500&Prime; txt_transform=\u00a0\u00bbnone\u00a0\u00bb font_family=\u00a0\u00bbnone\u00a0\u00bb]En plus de prot\u00e9ger ce qui compte pour vous, votre choix de toiture aura un impact sur l&rsquo;apparence de votre demeure. Si votre toit a besoin de r\u00e9paration ou d&rsquo;une r\u00e9fection compl\u00e8te, sachez que nous avons tout le savoir-faire, les habilet\u00e9s et l&rsquo;exp\u00e9rience pour effectuer un travail de qualit\u00e9 sup\u00e9rieure. De plus, nous utilisons les bardeaux d&rsquo;asphalte BP et IKO, des produits r\u00e9put\u00e9s pour leur qualit\u00e9, leur r\u00e9sistance au climat qu\u00e9b\u00e9cois et leur apparence. De plus, ces produits sont garantis et ne n\u00e9cessitent aucun entretien. Notre recette est simple: combiner des produits de qualit\u00e9 \u00e0 une \u00e9quipe de couvreurs comp\u00e9tents et exp\u00e9riment\u00e9s pour vous offrir un travail remarquable![\/mk_fancy_title][mk_button dimension=\u00a0\u00bboutline\u00a0\u00bb corner_style=\u00a0\u00bbrounded\u00a0\u00bb size=\u00a0\u00bblarge\u00a0\u00bb url=\u00a0\u00bb\/fr\/contact-couvreur-st-laurent\/\u00a0\u00bb margin_bottom=\u00a0\u00bb0&Prime; margin_right=\u00a0\u00bb0&Prime;]Obtenir une estimation gratuite[\/mk_button][\/vc_column][\/vc_row][vc_row css=\u00a0\u00bb.vc_custom_1559317274086{padding-bottom: 90px !important;}\u00a0\u00bb][vc_column width=\u00a0\u00bb1\/3&Prime;][mk_flipbox front_background_color=\u00a0\u00bb#000000&Prime; back_background_color=\u00a0\u00bb#e1e1e1&Prime; image=\u00a0\u00bbhttp:\/\/bininngroofing.ca\/wp-content\/uploads\/residential-shingle-roof-opt-crop.jpg\u00a0\u00bb front_title=\u00a0\u00bbToiture r\u00e9sidentielle\u00a0\u00bb front_title_color=\u00a0\u00bb#ffffff\u00a0\u00bb back_desc=\u00a0\u00bbVotre demeure abrite tout ce qui compte pour vous. Investir dans des mat\u00e9riaux de qualit\u00e9 sup\u00e9rieure et une \u00e9quipe de couvreurs r\u00e9put\u00e9e est donc un choix logique lorsqu&rsquo;il est question de toiture r\u00e9sidentielle.\u00a0\u00bb back_desc_size=\u00a0\u00bb16&Prime; back_desc_color=\u00a0\u00bb#000000&Prime; button_url=\u00a0\u00bb\/fr\/toiture-residentielle\/\u00a0\u00bb button_text=\u00a0\u00bbEn savoir plus\u00a0\u00bb button_bg_color=\u00a0\u00bb#000000&Prime; button_bg_hover_color=\u00a0\u00bb#000000&Prime;][\/vc_column][vc_column width=\u00a0\u00bb1\/3&Prime;][mk_flipbox front_background_color=\u00a0\u00bb#000000&Prime; back_background_color=\u00a0\u00bb#e1e1e1&Prime; image=\u00a0\u00bbhttp:\/\/bininngroofing.ca\/wp-content\/uploads\/skylight-installation-opt-crop2.jpg\u00a0\u00bb front_title=\u00a0\u00bbPuits de lumi\u00e8re\u00a0\u00bb front_title_color=\u00a0\u00bb#ffffff\u00a0\u00bb back_desc=\u00a0\u00bbAvoir plus de lumi\u00e8re naturelle dans une pi\u00e8ce, quel bonheur! Que vous d\u00e9siriez plus de luminosit\u00e9 ou que votre puits de lumi\u00e8re n\u00e9cessite des r\u00e9parations, vous pouvez compter sur notre \u00e9quipe!\u00a0\u00bb back_desc_size=\u00a0\u00bb16&Prime; back_desc_color=\u00a0\u00bb#000000&Prime; button_url=\u00a0\u00bb\/fr\/installation-puits-lumiere\/\u00a0\u00bb button_text=\u00a0\u00bbEn savoir plus\u00a0\u00bb button_bg_color=\u00a0\u00bb#000000&Prime; button_bg_hover_color=\u00a0\u00bb#000000&Prime;][\/vc_column][vc_column width=\u00a0\u00bb1\/3&Prime;][mk_flipbox front_background_color=\u00a0\u00bb#000000&Prime; back_background_color=\u00a0\u00bb#e1e1e1&Prime; image=\u00a0\u00bbhttp:\/\/bininngroofing.ca\/wp-content\/uploads\/bininng-roofing-west-island.jpg\u00a0\u00bb front_title=\u00a0\u00bb\u00c0 propos de nous\u00a0\u00bb front_title_color=\u00a0\u00bb#ffffff\u00a0\u00bb back_desc=\u00a0\u00bbCombinez l&rsquo;exp\u00e9rience, le savoir-faire et des mat\u00e9riaux de premi\u00e8re qualit\u00e9, ajoutez \u00e0 cela une garantie de 10 ans sur la main-d&rsquo;oeuvre et vous obtenez la diff\u00e9rence Toiture Bininng. D\u00e9couvrez les commentaires de nos nombreux clients satisfaits!\u00a0\u00bb back_desc_size=\u00a0\u00bb16&Prime; back_desc_color=\u00a0\u00bb#000000&Prime; button_url=\u00a0\u00bb\/fr\/a-propos-toiture-bininng\/\u00a0\u00bb button_text=\u00a0\u00bbEn savoir plus\u00a0\u00bb button_bg_color=\u00a0\u00bb#000000&Prime; button_bg_hover_color=\u00a0\u00bb#000000&Prime;][\/vc_column][\/vc_row][vc_row][vc_column][mk_padding_divider size=\u00a0\u00bb90&Prime;][\/vc_column][\/vc_row][mk_page_section bg_image=\u00a0\u00bbhttp:\/\/bininngroofing.ca\/wp-content\/uploads\/2019\/05\/asphalt-shingle-roofing-opt.jpg\u00a0\u00bb bg_position=\u00a0\u00bbcenter center\u00a0\u00bb bg_repeat=\u00a0\u00bbno-repeat\u00a0\u00bb bg_stretch=\u00a0\u00bbtrue\u00a0\u00bb video_color_mask=\u00a0\u00bb#000000&Prime; video_opacity=\u00a0\u00bb0.3&Prime; padding_top=\u00a0\u00bb90&Prime; padding_bottom=\u00a0\u00bb90&Prime; sidebar=\u00a0\u00bbsidebar-1&Prime;][vc_column][mk_fancy_title color=\u00a0\u00bb#ffffff\u00a0\u00bb size=\u00a0\u00bb32&Prime; force_font_size=\u00a0\u00bbtrue\u00a0\u00bb size_tablet=\u00a0\u00bb28&Prime; size_phone=\u00a0\u00bb24&Prime; font_weight=\u00a0\u00bb600&Prime; font_family=\u00a0\u00bbnone\u00a0\u00bb align=\u00a0\u00bbcenter\u00a0\u00bb]Commentaires de nos clients[\/mk_fancy_title][mk_testimonials style=\u00a0\u00bbmodern\u00a0\u00bb show_as=\u00a0\u00bbcolumn\u00a0\u00bb count=\u00a0\u00bb3&Prime; text_color=\u00a0\u00bb#727272&Prime; author_color=\u00a0\u00bb#727272&Prime; skill_color=\u00a0\u00bb#727272&Prime;][mk_button dimension=\u00a0\u00bboutline\u00a0\u00bb corner_style=\u00a0\u00bbrounded\u00a0\u00bb size=\u00a0\u00bblarge\u00a0\u00bb url=\u00a0\u00bb\/fr\/a-propos-toiture-bininng\/\u00a0\u00bb align=\u00a0\u00bbcenter\u00a0\u00bb margin_top=\u00a0\u00bb30&Prime; margin_bottom=\u00a0\u00bb0&Prime; margin_right=\u00a0\u00bb0&Prime; outline_skin=\u00a0\u00bblight\u00a0\u00bb]Voir plus d&rsquo;avis[\/mk_button][\/vc_column][\/mk_page_section][vc_row css=\u00a0\u00bb.vc_custom_1559319786272{padding-top: 90px !important;padding-bottom: 90px !important;}\u00a0\u00bb][vc_column width=\u00a0\u00bb2\/3&Prime;][mk_fancy_title color=\u00a0\u00bb#2a2d2e\u00a0\u00bb size=\u00a0\u00bb28&Prime; force_font_size=\u00a0\u00bbtrue\u00a0\u00bb size_tablet=\u00a0\u00bb26&Prime; size_phone=\u00a0\u00bb22&Prime; font_weight=\u00a0\u00bb600&Prime; margin_bottom=\u00a0\u00bb0&Prime; font_family=\u00a0\u00bbnone\u00a0\u00bb]Pour obtenir des r\u00e9sultats exceptionnels, il faut des produits exceptionnels. Nous n&rsquo;utilisons que des bardeaux d&rsquo;asphalte de qualit\u00e9 sup\u00e9rieure.[\/mk_fancy_title][\/vc_column][vc_column width=\u00a0\u00bb1\/6&Prime;][vc_single_image image=\u00a0\u00bb219&Prime; img_size=\u00a0\u00bbfull\u00a0\u00bb][\/vc_column][vc_column width=\u00a0\u00bb1\/6&Prime;][vc_single_image image=\u00a0\u00bb217&Prime; img_size=\u00a0\u00bbfull\u00a0\u00bb][\/vc_column][\/vc_row][mk_page_section bg_color=\u00a0\u00bb#000000&Prime; js_vertical_centered=\u00a0\u00bbtrue\u00a0\u00bb padding_top=\u00a0\u00bb90&Prime; padding_bottom=\u00a0\u00bb90&Prime; sidebar=\u00a0\u00bbsidebar-1&Prime;][vc_column width=\u00a0\u00bb1\/2&Prime;][mk_fancy_title tag_name=\u00a0\u00bbh3&Prime; color=\u00a0\u00bb#ffffff\u00a0\u00bb size=\u00a0\u00bb36&Prime; force_font_size=\u00a0\u00bbtrue\u00a0\u00bb size_tablet=\u00a0\u00bb25&Prime; size_phone=\u00a0\u00bb20&Prime; font_weight=\u00a0\u00bb600&Prime; txt_transform=\u00a0\u00bbnone\u00a0\u00bb font_family=\u00a0\u00bbnone\u00a0\u00bb]Besoin d&rsquo;un entrepreneur pour votre toiture de bardeaux d&rsquo;asphalte ou pour un puits de lumi\u00e8re?[\/mk_fancy_title][mk_fancy_title tag_name=\u00a0\u00bbspan\u00a0\u00bb color=\u00a0\u00bb#ffffff\u00a0\u00bb size=\u00a0\u00bb16&Prime; line_height=\u00a0\u00bb166&Prime; font_weight=\u00a0\u00bb600&Prime; txt_transform=\u00a0\u00bbnone\u00a0\u00bb margin_bottom=\u00a0\u00bb0&Prime; font_family=\u00a0\u00bbnone\u00a0\u00bb]<strong style=\"color: #fff;\">Nous couvrons tous les angles.<\/strong><br \/>\n<span style=\"color: #fff;\">Situ\u00e9 \u00e0 Vaudreuil-Dorion, Toiture Bininng dessert la client\u00e8le r\u00e9sidentielle situ\u00e9e dans la grande r\u00e9gion de m\u00e9tropolitaine, incluant Laval, Vaudreuil, l&rsquo;Ouest de l&rsquo;\u00cele et le centre-ville de Montr\u00e9al. Contactez-nous et soyez assur\u00e9s que nous avons l&rsquo;expertise pour r\u00e9aliser votre projet. De plus, nos travaux sont garantis pour 10 ans. R\u00e9paration, toiture neuve, puits de lumi\u00e8re ou autre, lorsqu&rsquo;il s&rsquo;agit de prot\u00e9ger votre demeure des intemp\u00e9ries, vous pouvez compter sur notre \u00e9quipe chevronn\u00e9e. Nous offrons des solutions durables qui respectent votre budget.<\/span>[\/mk_fancy_title][\/vc_column][vc_column width=\u00a0\u00bb1\/2&Prime;][mk_button dimension=\u00a0\u00bboutline\u00a0\u00bb corner_style=\u00a0\u00bbrounded\u00a0\u00bb size=\u00a0\u00bblarge\u00a0\u00bb url=\u00a0\u00bb\/fr\/contact-couvreur-st-laurent\/\u00a0\u00bb align=\u00a0\u00bbcenter\u00a0\u00bb margin_bottom=\u00a0\u00bb0&Prime; margin_right=\u00a0\u00bb0&Prime; outline_skin=\u00a0\u00bblight\u00a0\u00bb]Communiquez avec notre \u00e9quipe[\/mk_button][\/vc_column][\/mk_page_section]\n<\/div>","protected":false},"excerpt":{"rendered":"<p>[mk_page_section bg_image=\u00a0\u00bbhttp:\/\/bininngroofing.ca\/wp-content\/uploads\/2019\/05\/asphalt-shingle-roof-opt.jpg\u00a0\u00bb bg_repeat=\u00a0\u00bbno-repeat\u00a0\u00bb bg_stretch=\u00a0\u00bbtrue\u00a0\u00bb video_color_mask=\u00a0\u00bb#000000&Prime; video_opacity=\u00a0\u00bb0.4&Prime; min_height=\u00a0\u00bb1030&Prime; js_vertical_centered=\u00a0\u00bbtrue\u00a0\u00bb sidebar=\u00a0\u00bbsidebar-1&Prime;][vc_column][mk_fancy_title tag_name=\u00a0\u00bbh1&Prime; color=\u00a0\u00bb#ffffff\u00a0\u00bb size=\u00a0\u00bb72&Prime; force_font_size=\u00a0\u00bbtrue\u00a0\u00bb size_tablet=\u00a0\u00bb48&Prime; size_phone=\u00a0\u00bb32&Prime; font_weight=\u00a0\u00bbbold\u00a0\u00bb font_family=\u00a0\u00bbnone\u00a0\u00bb align=\u00a0\u00bbcenter\u00a0\u00bb]Couvreurs desservant Ouest de l&rsquo;\u00cele \u2022 VaudreuilSt-Laurent \u2022 Montr\u00e9al[\/mk_fancy_title][mk_fancy_title color=\u00a0\u00bb#ffffff\u00a0\u00bb size=\u00a0\u00bb28&Prime; force_font_size=\u00a0\u00bbtrue\u00a0\u00bb size_phone=\u00a0\u00bb20&Prime; font_weight=\u00a0\u00bbbold\u00a0\u00bb txt_transform=\u00a0\u00bbnone\u00a0\u00bb font_family=\u00a0\u00bbnone\u00a0\u00bb align=\u00a0\u00bbcenter\u00a0\u00bb]Pour une toiture de qualit\u00e9 qui durera longtemps&#8230;[\/mk_fancy_title][mk_button dimension=\u00a0\u00bboutline\u00a0\u00bb corner_style=\u00a0\u00bbrounded\u00a0\u00bb size=\u00a0\u00bblarge\u00a0\u00bb url=\u00a0\u00bb\/fr\/contact-couvreur-st-laurent\/\u00a0\u00bb align=\u00a0\u00bbcenter\u00a0\u00bb margin_bottom=\u00a0\u00bb0&Prime; margin_right=\u00a0\u00bb0&Prime; outline_skin=\u00a0\u00bblight\u00a0\u00bb]Demandez une soumission[\/mk_button][\/vc_column][\/mk_page_section][vc_row][vc_column][mk_padding_divider size=\u00a0\u00bb90&Prime;][\/vc_column][\/vc_row][vc_row css=\u00a0\u00bb.vc_custom_1559317266887{padding-bottom: 90px !important;}\u00a0\u00bb][vc_column [&hellip;]<\/p>\n","protected":false},"author":1,"featured_media":0,"parent":0,"menu_order":0,"comment_status":"closed","ping_status":"closed","template":"","meta":{"footnotes":""},"class_list":["post-404","page","type-page","status-publish","hentry"],"yoast_head":"<!-- This site is optimized with the Yoast SEO plugin v27.4 - https:\/\/yoast.com\/product\/yoast-seo-wordpress\/ -->\n<title>Couvreur | West Island\/Vaudreuil\/St-Laurent\/Montr\u00e9al | Toiture Bininng<\/title>\n<meta name=\"description\" content=\"Si vous recherchez un couvreur d&#039;exp\u00e9rience qui mise sur la qualit\u00e9, contactez Toiture Bininng! Toitures r\u00e9sidentielles, puits de lumi\u00e8res et plus!\" \/>\n<meta name=\"robots\" content=\"index, follow, max-snippet:-1, max-image-preview:large, max-video-preview:-1\" \/>\n<link rel=\"canonical\" href=\"https:\/\/bininngroofing.ca\/fr\/\" \/>\n<meta property=\"og:locale\" content=\"fr_CA\" \/>\n<meta property=\"og:type\" content=\"article\" \/>\n<meta property=\"og:title\" content=\"Couvreur | West Island\/Vaudreuil\/St-Laurent\/Montr\u00e9al | Toiture Bininng\" \/>\n<meta property=\"og:description\" content=\"Si vous recherchez un couvreur d&#039;exp\u00e9rience qui mise sur la qualit\u00e9, contactez Toiture Bininng! Toitures r\u00e9sidentielles, puits de lumi\u00e8res et plus!\" \/>\n<meta property=\"og:url\" content=\"https:\/\/bininngroofing.ca\/fr\/\" \/>\n<meta property=\"og:site_name\" content=\"Toiture Bininng Roofing\" \/>\n<meta property=\"article:modified_time\" content=\"2024-04-26T12:08:36+00:00\" \/>\n<meta name=\"twitter:card\" content=\"summary_large_image\" \/>\n<meta name=\"twitter:label1\" content=\"Estimation du temps de lecture\" \/>\n\t<meta name=\"twitter:data1\" content=\"4 minutes\" \/>\n<script type=\"application\/ld+json\" class=\"yoast-schema-graph\">{\"@context\":\"https:\\\/\\\/schema.org\",\"@graph\":[{\"@type\":\"WebPage\",\"@id\":\"https:\\\/\\\/bininngroofing.ca\\\/fr\\\/\",\"url\":\"https:\\\/\\\/bininngroofing.ca\\\/fr\\\/\",\"name\":\"Couvreur | West Island\\\/Vaudreuil\\\/St-Laurent\\\/Montr\u00e9al | Toiture Bininng\",\"isPartOf\":{\"@id\":\"https:\\\/\\\/bininngroofing.ca\\\/fr\\\/#website\"},\"datePublished\":\"2017-09-12T12:35:53+00:00\",\"dateModified\":\"2024-04-26T12:08:36+00:00\",\"description\":\"Si vous recherchez un couvreur d'exp\u00e9rience qui mise sur la qualit\u00e9, contactez Toiture Bininng! Toitures r\u00e9sidentielles, puits de lumi\u00e8res et plus!\",\"breadcrumb\":{\"@id\":\"https:\\\/\\\/bininngroofing.ca\\\/fr\\\/#breadcrumb\"},\"inLanguage\":\"fr-CA\",\"potentialAction\":[{\"@type\":\"ReadAction\",\"target\":[\"https:\\\/\\\/bininngroofing.ca\\\/fr\\\/\"]}]},{\"@type\":\"BreadcrumbList\",\"@id\":\"https:\\\/\\\/bininngroofing.ca\\\/fr\\\/#breadcrumb\",\"itemListElement\":[{\"@type\":\"ListItem\",\"position\":1,\"name\":\"Home\",\"item\":\"https:\\\/\\\/bininngroofing.ca\\\/fr\\\/\"},{\"@type\":\"ListItem\",\"position\":2,\"name\":\"Accueil\"}]},{\"@type\":\"WebSite\",\"@id\":\"https:\\\/\\\/bininngroofing.ca\\\/fr\\\/#website\",\"url\":\"https:\\\/\\\/bininngroofing.ca\\\/fr\\\/\",\"name\":\"Toiture Bininng Roofing\",\"description\":\"\",\"potentialAction\":[{\"@type\":\"SearchAction\",\"target\":{\"@type\":\"EntryPoint\",\"urlTemplate\":\"https:\\\/\\\/bininngroofing.ca\\\/fr\\\/?s={search_term_string}\"},\"query-input\":{\"@type\":\"PropertyValueSpecification\",\"valueRequired\":true,\"valueName\":\"search_term_string\"}}],\"inLanguage\":\"fr-CA\"}]}<\/script>\n<!-- \/ Yoast SEO plugin. -->","yoast_head_json":{"title":"Couvreur | West Island\/Vaudreuil\/St-Laurent\/Montr\u00e9al | Toiture Bininng","description":"Si vous recherchez un couvreur d'exp\u00e9rience qui mise sur la qualit\u00e9, contactez Toiture Bininng! Toitures r\u00e9sidentielles, puits de lumi\u00e8res et plus!","robots":{"index":"index","follow":"follow","max-snippet":"max-snippet:-1","max-image-preview":"max-image-preview:large","max-video-preview":"max-video-preview:-1"},"canonical":"https:\/\/bininngroofing.ca\/fr\/","og_locale":"fr_CA","og_type":"article","og_title":"Couvreur | West Island\/Vaudreuil\/St-Laurent\/Montr\u00e9al | Toiture Bininng","og_description":"Si vous recherchez un couvreur d'exp\u00e9rience qui mise sur la qualit\u00e9, contactez Toiture Bininng! Toitures r\u00e9sidentielles, puits de lumi\u00e8res et plus!","og_url":"https:\/\/bininngroofing.ca\/fr\/","og_site_name":"Toiture Bininng Roofing","article_modified_time":"2024-04-26T12:08:36+00:00","twitter_card":"summary_large_image","twitter_misc":{"Estimation du temps de lecture":"4 minutes"},"schema":{"@context":"https:\/\/schema.org","@graph":[{"@type":"WebPage","@id":"https:\/\/bininngroofing.ca\/fr\/","url":"https:\/\/bininngroofing.ca\/fr\/","name":"Couvreur | West Island\/Vaudreuil\/St-Laurent\/Montr\u00e9al | Toiture Bininng","isPartOf":{"@id":"https:\/\/bininngroofing.ca\/fr\/#website"},"datePublished":"2017-09-12T12:35:53+00:00","dateModified":"2024-04-26T12:08:36+00:00","description":"Si vous recherchez un couvreur d'exp\u00e9rience qui mise sur la qualit\u00e9, contactez Toiture Bininng! Toitures r\u00e9sidentielles, puits de lumi\u00e8res et plus!","breadcrumb":{"@id":"https:\/\/bininngroofing.ca\/fr\/#breadcrumb"},"inLanguage":"fr-CA","potentialAction":[{"@type":"ReadAction","target":["https:\/\/bininngroofing.ca\/fr\/"]}]},{"@type":"BreadcrumbList","@id":"https:\/\/bininngroofing.ca\/fr\/#breadcrumb","itemListElement":[{"@type":"ListItem","position":1,"name":"Home","item":"https:\/\/bininngroofing.ca\/fr\/"},{"@type":"ListItem","position":2,"name":"Accueil"}]},{"@type":"WebSite","@id":"https:\/\/bininngroofing.ca\/fr\/#website","url":"https:\/\/bininngroofing.ca\/fr\/","name":"Toiture Bininng Roofing","description":"","potentialAction":[{"@type":"SearchAction","target":{"@type":"EntryPoint","urlTemplate":"https:\/\/bininngroofing.ca\/fr\/?s={search_term_string}"},"query-input":{"@type":"PropertyValueSpecification","valueRequired":true,"valueName":"search_term_string"}}],"inLanguage":"fr-CA"}]}},"_links":{"self":[{"href":"https:\/\/bininngroofing.ca\/fr\/wp-json\/wp\/v2\/pages\/404","targetHints":{"allow":["GET"]}}],"collection":[{"href":"https:\/\/bininngroofing.ca\/fr\/wp-json\/wp\/v2\/pages"}],"about":[{"href":"https:\/\/bininngroofing.ca\/fr\/wp-json\/wp\/v2\/types\/page"}],"author":[{"embeddable":true,"href":"https:\/\/bininngroofing.ca\/fr\/wp-json\/wp\/v2\/users\/1"}],"replies":[{"embeddable":true,"href":"https:\/\/bininngroofing.ca\/fr\/wp-json\/wp\/v2\/comments?post=404"}],"version-history":[{"count":8,"href":"https:\/\/bininngroofing.ca\/fr\/wp-json\/wp\/v2\/pages\/404\/revisions"}],"predecessor-version":[{"id":2045,"href":"https:\/\/bininngroofing.ca\/fr\/wp-json\/wp\/v2\/pages\/404\/revisions\/2045"}],"wp:attachment":[{"href":"https:\/\/bininngroofing.ca\/fr\/wp-json\/wp\/v2\/media?parent=404"}],"curies":[{"name":"wp","href":"https:\/\/api.w.org\/{rel}","templated":true}]}}