{"id":403,"date":"2017-09-12T12:52:51","date_gmt":"2017-09-12T12:52:51","guid":{"rendered":"http:\/\/bininngroofing.ca\/contact-roofer-st-laurent\/"},"modified":"2020-05-18T18:55:16","modified_gmt":"2020-05-18T13:55:16","slug":"contact-couvreur-st-laurent","status":"publish","type":"page","link":"https:\/\/bininngroofing.ca\/fr\/contact-couvreur-st-laurent\/","title":{"rendered":"Nous joindre"},"content":{"rendered":"<div class=\"wpb-content-wrapper\">[mk_page_section bg_image=\u00a0\u00bbhttp:\/\/bininngroofing.ca\/wp-content\/uploads\/2019\/05\/contact-bininng-roofing-opt.jpg\u00a0\u00bb bg_position=\u00a0\u00bbcenter center\u00a0\u00bb bg_repeat=\u00a0\u00bbno-repeat\u00a0\u00bb bg_stretch=\u00a0\u00bbtrue\u00a0\u00bb video_color_mask=\u00a0\u00bb#000000&Prime; video_opacity=\u00a0\u00bb0.3&Prime; min_height=\u00a0\u00bb700&Prime; js_vertical_centered=\u00a0\u00bbtrue\u00a0\u00bb sidebar=\u00a0\u00bbsidebar-1&Prime;][vc_column][mk_fancy_title tag_name=\u00a0\u00bbh1&Prime; color=\u00a0\u00bb#ffffff\u00a0\u00bb size=\u00a0\u00bb72&Prime; force_font_size=\u00a0\u00bbtrue\u00a0\u00bb size_smallscreen=\u00a0\u00bb\u00a0\u00bb size_tablet=\u00a0\u00bb50&Prime; size_phone=\u00a0\u00bb30&Prime; font_weight=\u00a0\u00bbbold\u00a0\u00bb txt_transform=\u00a0\u00bbnone\u00a0\u00bb font_family=\u00a0\u00bbnone\u00a0\u00bb align=\u00a0\u00bbcenter\u00a0\u00bb]Contactez-nous pour la r\u00e9paration de votre toiture&#8230; et plus encore![\/mk_fancy_title][mk_fancy_title tag_name=\u00a0\u00bbh3&Prime; color=\u00a0\u00bb#ffffff\u00a0\u00bb size=\u00a0\u00bb28&Prime; force_font_size=\u00a0\u00bbtrue\u00a0\u00bb size_phone=\u00a0\u00bb20&Prime; font_weight=\u00a0\u00bbbold\u00a0\u00bb txt_transform=\u00a0\u00bbnone\u00a0\u00bb font_family=\u00a0\u00bbnone\u00a0\u00bb align=\u00a0\u00bbcenter\u00a0\u00bb]Parlez-nous de votre projet, nous vous montrons ce que nos couvreurs peuvent r\u00e9aliser![\/mk_fancy_title][\/vc_column][\/mk_page_section][mk_page_section bg_color=\u00a0\u00bb#000000&Prime; min_height=\u00a0\u00bb300&Prime; js_vertical_centered=\u00a0\u00bbtrue\u00a0\u00bb sidebar=\u00a0\u00bbsidebar-1&Prime;][vc_column width=\u00a0\u00bb1\/3&Prime;][mk_padding_divider size=\u00a0\u00bb60&Prime; visibility=\u00a0\u00bbvisible-sm\u00a0\u00bb][mk_fancy_title tag_name=\u00a0\u00bbh4&Prime; color=\u00a0\u00bb#ffffff\u00a0\u00bb size=\u00a0\u00bb30&Prime; force_font_size=\u00a0\u00bbtrue\u00a0\u00bb size_tablet=\u00a0\u00bb25&Prime; size_phone=\u00a0\u00bb25&Prime; font_weight=\u00a0\u00bb600&Prime; txt_transform=\u00a0\u00bbcapitalize\u00a0\u00bb margin_bottom=\u00a0\u00bb0&Prime; font_family=\u00a0\u00bbnone\u00a0\u00bb]Coordonn\u00e9es[\/mk_fancy_title][mk_fancy_title tag_name=\u00a0\u00bbspan\u00a0\u00bb color=\u00a0\u00bb#ffffff\u00a0\u00bb size=\u00a0\u00bb16&Prime; font_weight=\u00a0\u00bb300&Prime; txt_transform=\u00a0\u00bbnone\u00a0\u00bb margin_bottom=\u00a0\u00bb0&Prime; font_family=\u00a0\u00bbnone\u00a0\u00bb]<span style=\"color: #ffffff;\">Cell.: <a style=\"color: #ffffff;\" href=\"tel:+15146388282\">(514) 638-8282<\/a><\/span><br \/>\n<span style=\"color: #ffffff;\">Bureau: <a style=\"color: #ffffff;\" href=\"tel:+15149412185\">(514) 941-2185<\/a><\/span><br \/>\n<span style=\"color: #ffffff;\">2001, rue Chicoine<\/span><br \/>\n<span style=\"color: #ffffff;\">Vaudreuil-Dorion QC J7V 8P2<\/span>[\/mk_fancy_title][\/vc_column][vc_column width=\u00a0\u00bb1\/3&Prime;][mk_padding_divider size=\u00a0\u00bb20&Prime; visibility=\u00a0\u00bbvisible-sm\u00a0\u00bb][mk_fancy_title tag_name=\u00a0\u00bbh4&Prime; color=\u00a0\u00bb#ffffff\u00a0\u00bb size=\u00a0\u00bb30&Prime; force_font_size=\u00a0\u00bbtrue\u00a0\u00bb size_tablet=\u00a0\u00bb25&Prime; size_phone=\u00a0\u00bb25&Prime; font_weight=\u00a0\u00bb600&Prime; txt_transform=\u00a0\u00bbnone\u00a0\u00bb margin_bottom=\u00a0\u00bb0&Prime; font_family=\u00a0\u00bbnone\u00a0\u00bb]Heures d&rsquo;affaires[\/mk_fancy_title][mk_fancy_title tag_name=\u00a0\u00bbspan\u00a0\u00bb color=\u00a0\u00bb#ffffff\u00a0\u00bb size=\u00a0\u00bb16&Prime; font_weight=\u00a0\u00bb300&Prime; txt_transform=\u00a0\u00bbnone\u00a0\u00bb margin_bottom=\u00a0\u00bb0&Prime; font_family=\u00a0\u00bbnone\u00a0\u00bb]<span style=\"color: #ffffff;\">Lundi au vendredi <strong style=\"color: #ffffff;\">7h00 &#8211; 19h00<\/strong><\/span><br \/>\n<span style=\"color: #ffffff;\">Samedi <strong style=\"color: #ffffff;\">9h00 &#8211; 12h00<\/strong><\/span><br \/>\n<span style=\"color: #ffffff;\">Dimanche <strong style=\"color: #ffffff;\">Ferm\u00e9<\/strong><\/span>[\/mk_fancy_title][\/vc_column][vc_column width=\u00a0\u00bb1\/3&Prime;][mk_padding_divider size=\u00a0\u00bb20&Prime; visibility=\u00a0\u00bbvisible-sm\u00a0\u00bb][mk_fancy_title tag_name=\u00a0\u00bbh4&Prime; color=\u00a0\u00bb#ffffff\u00a0\u00bb size=\u00a0\u00bb30&Prime; force_font_size=\u00a0\u00bbtrue\u00a0\u00bb size_tablet=\u00a0\u00bb25&Prime; size_phone=\u00a0\u00bb25&Prime; font_weight=\u00a0\u00bb600&Prime; txt_transform=\u00a0\u00bbnone\u00a0\u00bb margin_bottom=\u00a0\u00bb0&Prime; font_family=\u00a0\u00bbnone\u00a0\u00bb]Options de paiement[\/mk_fancy_title][mk_fancy_title tag_name=\u00a0\u00bbspan\u00a0\u00bb color=\u00a0\u00bb#ffffff\u00a0\u00bb size=\u00a0\u00bb16&Prime; font_weight=\u00a0\u00bb300&Prime; txt_transform=\u00a0\u00bbnone\u00a0\u00bb margin_bottom=\u00a0\u00bb0&Prime; font_family=\u00a0\u00bbnone\u00a0\u00bb]<span style=\"color: #ffffff;\">Comptant<\/span><br \/>\n<span style=\"color: #ffffff;\">Ch\u00e8que<\/span><br \/>\n<span style=\"color: #ffffff;\">Visa<\/span><br \/>\n<span style=\"color: #ffffff;\">MasterCard<\/span>[\/mk_fancy_title][mk_padding_divider size=\u00a0\u00bb60&Prime; visibility=\u00a0\u00bbvisible-sm\u00a0\u00bb][\/vc_column][\/mk_page_section][vc_row fullwidth=\u00a0\u00bbtrue\u00a0\u00bb css=\u00a0\u00bb.vc_custom_1560965354313{margin-right: 0px !important;margin-left: 0px !important;border-right-width: 0px !important;border-left-width: 0px !important;padding-top: 90px !important;padding-right: 0px !important;padding-bottom: 60px !important;padding-left: 0px !important;}\u00a0\u00bb][vc_column width=\u00a0\u00bb1\/2&Prime;][mk_fancy_title size=\u00a0\u00bb32&Prime; force_font_size=\u00a0\u00bbtrue\u00a0\u00bb size_tablet=\u00a0\u00bb30&Prime; size_phone=\u00a0\u00bb28&Prime; font_weight=\u00a0\u00bb600&Prime; txt_transform=\u00a0\u00bbnone\u00a0\u00bb font_family=\u00a0\u00bbnone\u00a0\u00bb]Comment peut-on vous aider?[\/mk_fancy_title]\n<div class=\"wpcf7 no-js\" id=\"wpcf7-f407-o1\" lang=\"en-CA\" dir=\"ltr\" data-wpcf7-id=\"407\">\n<div class=\"screen-reader-response\"><p role=\"status\" aria-live=\"polite\" aria-atomic=\"true\"><\/p> <ul><\/ul><\/div>\n<form action=\"\/fr\/wp-json\/wp\/v2\/pages\/403#wpcf7-f407-o1\" method=\"post\" class=\"wpcf7-form init\" aria-label=\"Contact form\" novalidate=\"novalidate\" data-status=\"init\">\n<fieldset class=\"hidden-fields-container\"><input type=\"hidden\" name=\"_wpcf7\" value=\"407\" \/><input type=\"hidden\" name=\"_wpcf7_version\" value=\"6.1.5\" \/><input type=\"hidden\" name=\"_wpcf7_locale\" value=\"en_CA\" \/><input type=\"hidden\" name=\"_wpcf7_unit_tag\" value=\"wpcf7-f407-o1\" \/><input type=\"hidden\" name=\"_wpcf7_container_post\" value=\"0\" \/><input type=\"hidden\" name=\"_wpcf7_posted_data_hash\" value=\"\" \/><input type=\"hidden\" name=\"_wpcf7_recaptcha_response\" value=\"\" \/>\n<\/fieldset>\n<p><span class=\"wpcf7-form-control-wrap\" data-name=\"your-name\"><input size=\"40\" maxlength=\"400\" class=\"wpcf7-form-control wpcf7-text wpcf7-validates-as-required\" aria-required=\"true\" aria-invalid=\"false\" placeholder=\"Nom\" value=\"\" type=\"text\" name=\"your-name\" \/><\/span><br \/>\n<span class=\"wpcf7-form-control-wrap\" data-name=\"your-tel\"><input size=\"40\" maxlength=\"400\" class=\"wpcf7-form-control wpcf7-tel wpcf7-validates-as-required wpcf7-text wpcf7-validates-as-tel\" aria-required=\"true\" aria-invalid=\"false\" placeholder=\"T\u00e9l\u00e9phone*\" value=\"\" type=\"tel\" name=\"your-tel\" \/><\/span><br \/>\n<span class=\"wpcf7-form-control-wrap\" data-name=\"your-email\"><input size=\"40\" maxlength=\"400\" class=\"wpcf7-form-control wpcf7-email wpcf7-validates-as-required wpcf7-text wpcf7-validates-as-email\" aria-required=\"true\" aria-invalid=\"false\" placeholder=\"Courriel*\" value=\"\" type=\"email\" name=\"your-email\" \/><\/span><br \/>\n<span class=\"wpcf7-form-control-wrap\" data-name=\"your-address\"><input size=\"40\" maxlength=\"400\" class=\"wpcf7-form-control wpcf7-text\" aria-invalid=\"false\" placeholder=\"Adresse\" value=\"\" type=\"text\" name=\"your-address\" \/><\/span><br \/>\n<span class=\"wpcf7-form-control-wrap\" data-name=\"your-avail\"><input size=\"40\" maxlength=\"400\" class=\"wpcf7-form-control wpcf7-text\" aria-invalid=\"false\" placeholder=\"Disponibilit\u00e9\" value=\"\" type=\"text\" name=\"your-avail\" \/><\/span><br \/>\n<span class=\"wpcf7-form-control-wrap\" data-name=\"your-message\"><textarea cols=\"40\" rows=\"10\" maxlength=\"2000\" class=\"wpcf7-form-control wpcf7-textarea wpcf7-validates-as-required\" aria-required=\"true\" aria-invalid=\"false\" placeholder=\"Message*\" name=\"your-message\"><\/textarea><\/span><br \/>\n<br \/>\n<input class=\"wpcf7-form-control wpcf7-submit has-spinner\" type=\"submit\" value=\"Envoyer\" \/><br \/>\n<script>\ndocument.addEventListener( 'wpcf7mailsent', function( event ) {\n location = '\/fr\/merci\/';\n}, false );\n<\/script>\n<\/p><div class=\"wpcf7-response-output\" aria-hidden=\"true\"><\/div>\n<\/form>\n<\/div>\n[mk_padding_divider size=\u00a0\u00bb30&Prime; visibility=\u00a0\u00bbvisible-sm\u00a0\u00bb][\/vc_column][vc_column width=\u00a0\u00bb1\/2&Prime; css=\u00a0\u00bb.vc_custom_1560965369434{padding-right: 20px !important;}\u00a0\u00bb][vc_gmaps link=\u00a0\u00bb#E-8_JTNDaWZyYW1lJTIwc3JjJTNEJTIyaHR0cHMlM0ElMkYlMkZ3d3cuZ29vZ2xlLmNvbSUyRm1hcHMlMkZlbWJlZCUzRnBiJTNEJTIxMW0xOCUyMTFtMTIlMjExbTMlMjExZDcxNjAxNS40MjM1MTExODUyJTIxMmQtNzQuMzEwMDk1NzgzNTA0NiUyMTNkNDUuNDkxMjQ4NjY2MjQxNDklMjEybTMlMjExZjAlMjEyZjAlMjEzZjAlMjEzbTIlMjExaTEwMjQlMjEyaTc2OCUyMTRmMTMuMSUyMTNtMyUyMTFtMiUyMTFzMHg0Y2M5Mzk2NTViYWY5Njc5JTI1M0EweDU2MGYxMzRlYTkzODk5ZmYlMjEyc0JpbmlubmclMkJSb29maW5nJTIxNWUwJTIxM20yJTIxMXNmciUyMTJzY2ElMjE0djE1NjA5NjUzMjgyNDglMjE1bTIlMjExc2ZyJTIxMnNjYSUyMiUyMHdpZHRoJTNEJTIyNjAwJTIyJTIwaGVpZ2h0JTNEJTIyNDUwJTIyJTIwZnJhbWVib3JkZXIlM0QlMjIwJTIyJTIwc3R5bGUlM0QlMjJib3JkZXIlM0EwJTIyJTIwYWxsb3dmdWxsc2NyZWVuJTNFJTNDJTJGaWZyYW1lJTNF\u00a0\u00bb size=\u00a0\u00bb680px\u00a0\u00bb css=\u00a0\u00bb.vc_custom_1562673999418{margin-top: 0px !important;margin-right: 0px !important;margin-bottom: 0px !important;margin-left: 0px !important;border-top-width: 0px !important;border-right-width: 0px !important;border-bottom-width: 0px !important;border-left-width: 0px !important;padding-top: 0px !important;padding-right: 0px !important;padding-bottom: 0px !important;padding-left: 0px !important;}\u00a0\u00bb][\/vc_column][\/vc_row][mk_page_section bg_color=\u00a0\u00bb#000000&Prime; js_vertical_centered=\u00a0\u00bbtrue\u00a0\u00bb padding_top=\u00a0\u00bb90&Prime; padding_bottom=\u00a0\u00bb90&Prime; sidebar=\u00a0\u00bbsidebar-1&Prime;][vc_column width=\u00a0\u00bb1\/6&Prime;][\/vc_column][vc_column width=\u00a0\u00bb2\/3&Prime;][mk_fancy_title tag_name=\u00a0\u00bbh3&Prime; color=\u00a0\u00bb#ffffff\u00a0\u00bb size=\u00a0\u00bb36&Prime; force_font_size=\u00a0\u00bbtrue\u00a0\u00bb size_tablet=\u00a0\u00bb25&Prime; size_phone=\u00a0\u00bb20&Prime; font_weight=\u00a0\u00bb600&Prime; margin_bottom=\u00a0\u00bb0&Prime; font_family=\u00a0\u00bbnone\u00a0\u00bb align=\u00a0\u00bbcenter\u00a0\u00bb]Les experts en r\u00e9paration de toiture \u00e0 Vaudreuil-Dorion et dans le Grand Montr\u00e9al[\/mk_fancy_title][vc_column_text align=\u00a0\u00bbcenter\u00a0\u00bb css=\u00a0\u00bb.vc_custom_1589810114671{margin-bottom: 0px !important;}\u00a0\u00bb]<span style=\"color: #ffffff;\">R\u00e9capitulons les \u00e9l\u00e9ments importants de notre site Web:<\/span><\/p>\n<p><span style=\"color: #ffffff;\"><strong style=\"color: #fff;\">Qui sommes-nous:<\/strong> des <a style=\"color: #999999;\" href=\"\/fr\/\">couvreurs exp\u00e9riment\u00e9s, comp\u00e9tents<\/a> et avec une bonne \u00e9thique de travail. La satisfaction des clients est notre priorit\u00e9.<\/span><\/p>\n<p><span style=\"color: #ffffff;\"><strong style=\"color: #fff;\">Qu&rsquo;est-ce que nous faisons:<\/strong> la r\u00e9paration et le remplacement de toiture, de m\u00eame que l&rsquo;installation de toiture neuve. Nous utilisons les produits de qualit\u00e9 sup\u00e9rieure de BP et IKO.<\/span><\/p>\n<p><span style=\"color: #ffffff;\"><strong style=\"color: #fff;\">Quoi d&rsquo;autre:<\/strong> Nous effectuons aussi la r\u00e9paration et l&rsquo;installation de puits de lumi\u00e8re<\/span><\/p>\n<p><span style=\"color: #ffffff;\"><strong style=\"color: #fff;\">Quels \u00e9l\u00e9ments sont \u00e0 consid\u00e9rer dans le choix d&rsquo;une toiture:<\/strong> l&#8217;emplacement, le type de b\u00e2timent, l&rsquo;environnement et l&rsquo;apparence.<\/span><\/p>\n<p><span style=\"color: #ffffff;\"><strong style=\"color: #fff;\">Quoi faire si le toit coule?<\/strong> Appelez-nous. Ne grimpez pas sur le toit s&rsquo;il pleut, que le toit est enneig\u00e9, ou encore si vous n&rsquo;\u00eates pas exp\u00e9riment\u00e9 ou \u00e9quip\u00e9 convenablement. C&rsquo;est dangereux.<\/span><\/p>\n<p><span style=\"color: #ffffff;\"><strong style=\"color: #fff;\">Je n&rsquo;ai pas peur des hauteurs, puis-je faire ma toiture moi-m\u00eame ou encore vous aider?<\/strong> On ne le conseille pas. Les couvreurs sont des professionnels form\u00e9s et exp\u00e9riment\u00e9s pour r\u00e9aliser ce type de travaux en toute s\u00e9curit\u00e9 et pour assurer la meilleure durabilit\u00e9 de votre toiture.<\/span><\/p>\n<p><span style=\"color: #ffffff;\"><strong style=\"color: #fff;\">O\u00f9 sommes-nous?<\/strong> Nos couvreurs effectuent des r\u00e9parations de toiture dans la r\u00e9gion de Vaudreuil-Soulanges, \u00e0 Montr\u00e9al, dans l&rsquo;Ouest de l&rsquo;\u00cele et \u00e0 Laval.<\/span>[\/vc_column_text][\/vc_column][vc_column width=\u00a0\u00bb1\/6&Prime;][\/vc_column][\/mk_page_section]\n<\/div>","protected":false},"excerpt":{"rendered":"<p>[mk_page_section bg_image=\u00a0\u00bbhttp:\/\/bininngroofing.ca\/wp-content\/uploads\/2019\/05\/contact-bininng-roofing-opt.jpg\u00a0\u00bb bg_position=\u00a0\u00bbcenter center\u00a0\u00bb bg_repeat=\u00a0\u00bbno-repeat\u00a0\u00bb bg_stretch=\u00a0\u00bbtrue\u00a0\u00bb video_color_mask=\u00a0\u00bb#000000&Prime; video_opacity=\u00a0\u00bb0.3&Prime; min_height=\u00a0\u00bb700&Prime; js_vertical_centered=\u00a0\u00bbtrue\u00a0\u00bb sidebar=\u00a0\u00bbsidebar-1&Prime;][vc_column][mk_fancy_title tag_name=\u00a0\u00bbh1&Prime; color=\u00a0\u00bb#ffffff\u00a0\u00bb size=\u00a0\u00bb72&Prime; force_font_size=\u00a0\u00bbtrue\u00a0\u00bb size_smallscreen=\u00a0\u00bb\u00a0\u00bb size_tablet=\u00a0\u00bb50&Prime; size_phone=\u00a0\u00bb30&Prime; font_weight=\u00a0\u00bbbold\u00a0\u00bb txt_transform=\u00a0\u00bbnone\u00a0\u00bb font_family=\u00a0\u00bbnone\u00a0\u00bb align=\u00a0\u00bbcenter\u00a0\u00bb]Contactez-nous pour la r\u00e9paration de votre toiture&#8230; et plus encore![\/mk_fancy_title][mk_fancy_title tag_name=\u00a0\u00bbh3&Prime; color=\u00a0\u00bb#ffffff\u00a0\u00bb size=\u00a0\u00bb28&Prime; force_font_size=\u00a0\u00bbtrue\u00a0\u00bb size_phone=\u00a0\u00bb20&Prime; font_weight=\u00a0\u00bbbold\u00a0\u00bb txt_transform=\u00a0\u00bbnone\u00a0\u00bb font_family=\u00a0\u00bbnone\u00a0\u00bb align=\u00a0\u00bbcenter\u00a0\u00bb]Parlez-nous de votre projet, nous vous montrons ce que nos couvreurs peuvent r\u00e9aliser![\/mk_fancy_title][\/vc_column][\/mk_page_section][mk_page_section bg_color=\u00a0\u00bb#000000&Prime; min_height=\u00a0\u00bb300&Prime; js_vertical_centered=\u00a0\u00bbtrue\u00a0\u00bb [&hellip;]<\/p>\n","protected":false},"author":1,"featured_media":0,"parent":0,"menu_order":0,"comment_status":"closed","ping_status":"closed","template":"","meta":{"footnotes":""},"class_list":["post-403","page","type-page","status-publish","hentry"],"yoast_head":"<!-- This site is optimized with the Yoast SEO plugin v27.4 - https:\/\/yoast.com\/product\/yoast-seo-wordpress\/ -->\n<title>R\u00e9paration &amp; Installation de Toiture | Contact Bininng Roofing<\/title>\n<meta name=\"description\" content=\"Nous sommes les experts en r\u00e9paration de toiture \u00e0 Vaudreuil-Dorion et dans le Grand Montr\u00e9al. Satisfaction garantie. Contactez-nous pour une estimation gratuite!\" \/>\n<meta name=\"robots\" content=\"index, follow, max-snippet:-1, max-image-preview:large, max-video-preview:-1\" \/>\n<link rel=\"canonical\" href=\"https:\/\/bininngroofing.ca\/fr\/contact-couvreur-st-laurent\/\" \/>\n<meta property=\"og:locale\" content=\"fr_CA\" \/>\n<meta property=\"og:type\" content=\"article\" \/>\n<meta property=\"og:title\" content=\"R\u00e9paration &amp; Installation de Toiture | Contact Bininng Roofing\" \/>\n<meta property=\"og:description\" content=\"Nous sommes les experts en r\u00e9paration de toiture \u00e0 Vaudreuil-Dorion et dans le Grand Montr\u00e9al. Satisfaction garantie. Contactez-nous pour une estimation gratuite!\" \/>\n<meta property=\"og:url\" content=\"https:\/\/bininngroofing.ca\/fr\/contact-couvreur-st-laurent\/\" \/>\n<meta property=\"og:site_name\" content=\"Toiture Bininng Roofing\" \/>\n<meta property=\"article:modified_time\" content=\"2020-05-18T13:55:16+00:00\" \/>\n<meta name=\"twitter:card\" content=\"summary_large_image\" \/>\n<meta name=\"twitter:label1\" content=\"Estimation du temps de lecture\" \/>\n\t<meta name=\"twitter:data1\" content=\"4 minutes\" \/>\n<script type=\"application\/ld+json\" class=\"yoast-schema-graph\">{\"@context\":\"https:\\\/\\\/schema.org\",\"@graph\":[{\"@type\":\"WebPage\",\"@id\":\"https:\\\/\\\/bininngroofing.ca\\\/fr\\\/contact-couvreur-st-laurent\\\/\",\"url\":\"https:\\\/\\\/bininngroofing.ca\\\/fr\\\/contact-couvreur-st-laurent\\\/\",\"name\":\"R\u00e9paration & Installation de Toiture | Contact Bininng Roofing\",\"isPartOf\":{\"@id\":\"https:\\\/\\\/bininngroofing.ca\\\/fr\\\/#website\"},\"datePublished\":\"2017-09-12T12:52:51+00:00\",\"dateModified\":\"2020-05-18T13:55:16+00:00\",\"description\":\"Nous sommes les experts en r\u00e9paration de toiture \u00e0 Vaudreuil-Dorion et dans le Grand Montr\u00e9al. Satisfaction garantie. Contactez-nous pour une estimation gratuite!\",\"breadcrumb\":{\"@id\":\"https:\\\/\\\/bininngroofing.ca\\\/fr\\\/contact-couvreur-st-laurent\\\/#breadcrumb\"},\"inLanguage\":\"fr-CA\",\"potentialAction\":[{\"@type\":\"ReadAction\",\"target\":[\"https:\\\/\\\/bininngroofing.ca\\\/fr\\\/contact-couvreur-st-laurent\\\/\"]}]},{\"@type\":\"BreadcrumbList\",\"@id\":\"https:\\\/\\\/bininngroofing.ca\\\/fr\\\/contact-couvreur-st-laurent\\\/#breadcrumb\",\"itemListElement\":[{\"@type\":\"ListItem\",\"position\":1,\"name\":\"Home\",\"item\":\"https:\\\/\\\/bininngroofing.ca\\\/fr\\\/\"},{\"@type\":\"ListItem\",\"position\":2,\"name\":\"Nous joindre\"}]},{\"@type\":\"WebSite\",\"@id\":\"https:\\\/\\\/bininngroofing.ca\\\/fr\\\/#website\",\"url\":\"https:\\\/\\\/bininngroofing.ca\\\/fr\\\/\",\"name\":\"Toiture Bininng Roofing\",\"description\":\"\",\"potentialAction\":[{\"@type\":\"SearchAction\",\"target\":{\"@type\":\"EntryPoint\",\"urlTemplate\":\"https:\\\/\\\/bininngroofing.ca\\\/fr\\\/?s={search_term_string}\"},\"query-input\":{\"@type\":\"PropertyValueSpecification\",\"valueRequired\":true,\"valueName\":\"search_term_string\"}}],\"inLanguage\":\"fr-CA\"}]}<\/script>\n<!-- \/ Yoast SEO plugin. -->","yoast_head_json":{"title":"R\u00e9paration & Installation de Toiture | Contact Bininng Roofing","description":"Nous sommes les experts en r\u00e9paration de toiture \u00e0 Vaudreuil-Dorion et dans le Grand Montr\u00e9al. Satisfaction garantie. Contactez-nous pour une estimation gratuite!","robots":{"index":"index","follow":"follow","max-snippet":"max-snippet:-1","max-image-preview":"max-image-preview:large","max-video-preview":"max-video-preview:-1"},"canonical":"https:\/\/bininngroofing.ca\/fr\/contact-couvreur-st-laurent\/","og_locale":"fr_CA","og_type":"article","og_title":"R\u00e9paration & Installation de Toiture | Contact Bininng Roofing","og_description":"Nous sommes les experts en r\u00e9paration de toiture \u00e0 Vaudreuil-Dorion et dans le Grand Montr\u00e9al. Satisfaction garantie. Contactez-nous pour une estimation gratuite!","og_url":"https:\/\/bininngroofing.ca\/fr\/contact-couvreur-st-laurent\/","og_site_name":"Toiture Bininng Roofing","article_modified_time":"2020-05-18T13:55:16+00:00","twitter_card":"summary_large_image","twitter_misc":{"Estimation du temps de lecture":"4 minutes"},"schema":{"@context":"https:\/\/schema.org","@graph":[{"@type":"WebPage","@id":"https:\/\/bininngroofing.ca\/fr\/contact-couvreur-st-laurent\/","url":"https:\/\/bininngroofing.ca\/fr\/contact-couvreur-st-laurent\/","name":"R\u00e9paration & Installation de Toiture | Contact Bininng Roofing","isPartOf":{"@id":"https:\/\/bininngroofing.ca\/fr\/#website"},"datePublished":"2017-09-12T12:52:51+00:00","dateModified":"2020-05-18T13:55:16+00:00","description":"Nous sommes les experts en r\u00e9paration de toiture \u00e0 Vaudreuil-Dorion et dans le Grand Montr\u00e9al. Satisfaction garantie. Contactez-nous pour une estimation gratuite!","breadcrumb":{"@id":"https:\/\/bininngroofing.ca\/fr\/contact-couvreur-st-laurent\/#breadcrumb"},"inLanguage":"fr-CA","potentialAction":[{"@type":"ReadAction","target":["https:\/\/bininngroofing.ca\/fr\/contact-couvreur-st-laurent\/"]}]},{"@type":"BreadcrumbList","@id":"https:\/\/bininngroofing.ca\/fr\/contact-couvreur-st-laurent\/#breadcrumb","itemListElement":[{"@type":"ListItem","position":1,"name":"Home","item":"https:\/\/bininngroofing.ca\/fr\/"},{"@type":"ListItem","position":2,"name":"Nous joindre"}]},{"@type":"WebSite","@id":"https:\/\/bininngroofing.ca\/fr\/#website","url":"https:\/\/bininngroofing.ca\/fr\/","name":"Toiture Bininng Roofing","description":"","potentialAction":[{"@type":"SearchAction","target":{"@type":"EntryPoint","urlTemplate":"https:\/\/bininngroofing.ca\/fr\/?s={search_term_string}"},"query-input":{"@type":"PropertyValueSpecification","valueRequired":true,"valueName":"search_term_string"}}],"inLanguage":"fr-CA"}]}},"_links":{"self":[{"href":"https:\/\/bininngroofing.ca\/fr\/wp-json\/wp\/v2\/pages\/403","targetHints":{"allow":["GET"]}}],"collection":[{"href":"https:\/\/bininngroofing.ca\/fr\/wp-json\/wp\/v2\/pages"}],"about":[{"href":"https:\/\/bininngroofing.ca\/fr\/wp-json\/wp\/v2\/types\/page"}],"author":[{"embeddable":true,"href":"https:\/\/bininngroofing.ca\/fr\/wp-json\/wp\/v2\/users\/1"}],"replies":[{"embeddable":true,"href":"https:\/\/bininngroofing.ca\/fr\/wp-json\/wp\/v2\/comments?post=403"}],"version-history":[{"count":7,"href":"https:\/\/bininngroofing.ca\/fr\/wp-json\/wp\/v2\/pages\/403\/revisions"}],"predecessor-version":[{"id":759,"href":"https:\/\/bininngroofing.ca\/fr\/wp-json\/wp\/v2\/pages\/403\/revisions\/759"}],"wp:attachment":[{"href":"https:\/\/bininngroofing.ca\/fr\/wp-json\/wp\/v2\/media?parent=403"}],"curies":[{"name":"wp","href":"https:\/\/api.w.org\/{rel}","templated":true}]}}