{"id":396,"date":"2019-05-31T21:46:21","date_gmt":"2019-05-31T16:46:21","guid":{"rendered":"http:\/\/bininngroofing.ca\/about-roofing-services\/"},"modified":"2020-04-10T23:26:02","modified_gmt":"2020-04-10T18:26:02","slug":"a-propos-toiture-bininng","status":"publish","type":"page","link":"https:\/\/bininngroofing.ca\/fr\/a-propos-toiture-bininng\/","title":{"rendered":"\u00c0 propos"},"content":{"rendered":"<div class=\"wpb-content-wrapper\">[mk_page_section bg_image=\u00a0\u00bbhttp:\/\/bininngroofing.ca\/wp-content\/uploads\/2019\/05\/bininngroofing-roofertrucks-opt.jpg\u00a0\u00bb bg_repeat=\u00a0\u00bbno-repeat\u00a0\u00bb bg_stretch=\u00a0\u00bbtrue\u00a0\u00bb video_color_mask=\u00a0\u00bb#000000&Prime; video_opacity=\u00a0\u00bb0.5&Prime; min_height=\u00a0\u00bb1030&Prime; js_vertical_centered=\u00a0\u00bbtrue\u00a0\u00bb sidebar=\u00a0\u00bbsidebar-1&Prime;][vc_column][mk_fancy_title tag_name=\u00a0\u00bbh1&Prime; color=\u00a0\u00bb#ffffff\u00a0\u00bb size=\u00a0\u00bb72&Prime; force_font_size=\u00a0\u00bbtrue\u00a0\u00bb size_tablet=\u00a0\u00bb48&Prime; size_phone=\u00a0\u00bb32&Prime; font_weight=\u00a0\u00bbbold\u00a0\u00bb font_family=\u00a0\u00bbnone\u00a0\u00bb align=\u00a0\u00bbcenter\u00a0\u00bb]Toiture Bininng[\/mk_fancy_title][mk_fancy_title color=\u00a0\u00bb#ffffff\u00a0\u00bb size=\u00a0\u00bb28&Prime; force_font_size=\u00a0\u00bbtrue\u00a0\u00bb size_phone=\u00a0\u00bb20&Prime; font_weight=\u00a0\u00bbbold\u00a0\u00bb txt_transform=\u00a0\u00bbnone\u00a0\u00bb font_family=\u00a0\u00bbnone\u00a0\u00bb align=\u00a0\u00bbcenter\u00a0\u00bb]La fa\u00e7on s\u00fbre et abordable de prot\u00e9ger votre demeure[\/mk_fancy_title][\/vc_column][\/mk_page_section][vc_row][vc_column][mk_padding_divider size=\u00a0\u00bb90&Prime;][\/vc_column][\/vc_row][vc_row css=\u00a0\u00bb.vc_custom_1559321180105{padding-bottom: 60px !important;}\u00a0\u00bb][vc_column width=\u00a0\u00bb1\/2&Prime;][mk_fancy_title color=\u00a0\u00bb#2a2d2e\u00a0\u00bb size=\u00a0\u00bb32&Prime; force_font_size=\u00a0\u00bbtrue\u00a0\u00bb size_tablet=\u00a0\u00bb28&Prime; size_phone=\u00a0\u00bb24&Prime; font_weight=\u00a0\u00bb600&Prime; font_family=\u00a0\u00bbnone\u00a0\u00bb]Qui sommes-nous?[\/mk_fancy_title][mk_fancy_title tag_name=\u00a0\u00bbspan\u00a0\u00bb color=\u00a0\u00bb#2a2d2e\u00a0\u00bb size=\u00a0\u00bb16&Prime; line_height=\u00a0\u00bb166&Prime; font_weight=\u00a0\u00bb500&Prime; txt_transform=\u00a0\u00bbnone\u00a0\u00bb font_family=\u00a0\u00bbnone\u00a0\u00bb]Les couvreurs qualifi\u00e9s et exp\u00e9riment\u00e9s de Toiture Bininng sont form\u00e9s pour vous conseiller et r\u00e9aliser le processus de r\u00e9fection de votre toiture. On peut comprendre que vous ne soyez pas r\u00e9jouis \u00e0 l&rsquo;id\u00e9e d&rsquo;avoir \u00e0 refaire votre toiture, mais n&rsquo;oubliez pas que cela signifie \u00e9galement que vous pourrez am\u00e9liorer l&rsquo;apparence, la fonctionnalit\u00e9 et la valeur de votre maison, tout en assurant la protection de l&rsquo;int\u00e9rieur. Nos services de <a href=\"\/fr\/toiture-residentielle\/\">r\u00e9paration et d&rsquo;installation de toiture<\/a> neuve sont exceptionnels et nos couvreurs sont tr\u00e8s efficaces, peu importe le type de travaux \u00e0 r\u00e9aliser. Tout d\u00e9bute avec des mat\u00e9riaux de premi\u00e8re qualit\u00e9. Nous s\u00e9lectionnons donc des fournisseurs proposant des mat\u00e9riaux dont la durabilit\u00e9 et la performance sont d\u00e9montr\u00e9es.<\/p>\n<p>Ajoutez l&rsquo;exp\u00e9rience et l&rsquo;habilet\u00e9 de notre \u00e9quipe \u00e0 ces mat\u00e9riaux de premi\u00e8re qualit\u00e9, sans oublier une garantie de 10 ans pour la main-d&rsquo;oeuvre, et vous obtenez la diff\u00e9rence Toiture Bininng. Nous avons notre licence de la R\u00e9gie du b\u00e2timent du Qu\u00e9bec (RBQ 5716-6514-01) et sommes aussi membres de L&rsquo;APCHQ et nous nous engageons \u00e0 offrir rien de moins que l&rsquo;excellence.[\/mk_fancy_title][\/vc_column][vc_column width=\u00a0\u00bb1\/2&Prime;][mk_padding_divider size=\u00a0\u00bb10&Prime;][vc_single_image image=\u00a0\u00bb229&Prime; img_size=\u00a0\u00bb720&#215;590&Prime;][\/vc_column][\/vc_row][vc_row css=\u00a0\u00bb.vc_custom_1559321171795{padding-bottom: 60px !important;}\u00a0\u00bb][vc_column][mk_fancy_title color=\u00a0\u00bb#2a2d2e\u00a0\u00bb size=\u00a0\u00bb32&Prime; force_font_size=\u00a0\u00bbtrue\u00a0\u00bb size_tablet=\u00a0\u00bb28&Prime; size_phone=\u00a0\u00bb24&Prime; font_weight=\u00a0\u00bb600&Prime; font_family=\u00a0\u00bbnone\u00a0\u00bb]Une toiture abordable ne devrait pas \u00eatre synonyme de mauvaise qualit\u00e9[\/mk_fancy_title][mk_fancy_title tag_name=\u00a0\u00bbspan\u00a0\u00bb color=\u00a0\u00bb#2a2d2e\u00a0\u00bb size=\u00a0\u00bb16&Prime; line_height=\u00a0\u00bb166&Prime; font_weight=\u00a0\u00bb500&Prime; txt_transform=\u00a0\u00bbnone\u00a0\u00bb font_family=\u00a0\u00bbnone\u00a0\u00bb]Nous voulons tous le meilleur prix possible. Personne ne veut payer plus cher pour des travaux qu&rsquo;ils auraient pu faire r\u00e9aliser \u00e0 meilleur prix. D&rsquo;un autre c\u00f4t\u00e9, nous voulons de la qualit\u00e9. Puisque payer deux fois pour un r\u00e9parer un travail qui n&rsquo;a pas \u00e9t\u00e9 bien accompli vous co\u00fbtera plus cher, en temps, en argent et en stress inutile, notre devise est de bien faire le travail d\u00e8s le d\u00e9part. Nous r\u00e9alisons des toitures de qualit\u00e9 avec des mat\u00e9riaux durables; que demander de plus pour votre maison? Nous nous adaptons \u00e0 votre situation et offrons \u00e9galement diff\u00e9rentes modalit\u00e9s de paiement: carte de cr\u00e9dit, ch\u00e8que ou comptant, selon ce qui vous convient le mieux.[\/mk_fancy_title][\/vc_column][\/vc_row][vc_row css=\u00a0\u00bb.vc_custom_1559317266887{padding-bottom: 90px !important;}\u00a0\u00bb][vc_column][mk_fancy_title color=\u00a0\u00bb#2a2d2e\u00a0\u00bb size=\u00a0\u00bb32&Prime; force_font_size=\u00a0\u00bbtrue\u00a0\u00bb size_tablet=\u00a0\u00bb28&Prime; size_phone=\u00a0\u00bb24&Prime; font_weight=\u00a0\u00bb600&Prime; font_family=\u00a0\u00bbnone\u00a0\u00bb]R\u00e9parations d&rsquo;urgence requises? Nous sommes l\u00e0.[\/mk_fancy_title][mk_fancy_title tag_name=\u00a0\u00bbspan\u00a0\u00bb color=\u00a0\u00bb#2a2d2e\u00a0\u00bb size=\u00a0\u00bb16&Prime; line_height=\u00a0\u00bb166&Prime; font_weight=\u00a0\u00bb500&Prime; txt_transform=\u00a0\u00bbnone\u00a0\u00bb font_family=\u00a0\u00bbnone\u00a0\u00bb]M\u00eame si vous essayez de tout pr\u00e9voir, parfois la vie nous joue de mauvais tours. Si vous avez besoin de r\u00e9parations d&rsquo;urgence pour votre toiture, la derni\u00e8re chose que vous voulez c&rsquo;est un couvreur qui tente de vous culpabiliser de ne pas avoir corrig\u00e9 le probl\u00e8me plus t\u00f4t. Avez le climat parfois impr\u00e9visible du Qu\u00e9bec, les r\u00e9parations de toitures d&rsquo;urgence sont parfois requises et nous le comprenons bien. Nous sommes l\u00e0 pour vous, et avons l&rsquo;exp\u00e9rience requise pour rapidement r\u00e9parer votre toit ou votre puits de lumi\u00e8re.[\/mk_fancy_title][mk_button dimension=\u00a0\u00bbflat\u00a0\u00bb size=\u00a0\u00bblarge\u00a0\u00bb url=\u00a0\u00bb\/fr\/contact-couvreur-st-laurent\/\u00a0\u00bb align=\u00a0\u00bbcenter\u00a0\u00bb]Contactez-nous[\/mk_button][\/vc_column][\/vc_row][vc_row css=\u00a0\u00bb.vc_custom_1559321307491{padding-top: 90px !important;padding-bottom: 90px !important;background-color: #000000 !important;}\u00a0\u00bb][vc_column][mk_fancy_title color=\u00a0\u00bb#ffffff\u00a0\u00bb size=\u00a0\u00bb32&Prime; force_font_size=\u00a0\u00bbtrue\u00a0\u00bb size_tablet=\u00a0\u00bb28&Prime; size_phone=\u00a0\u00bb24&Prime; font_weight=\u00a0\u00bb600&Prime; font_family=\u00a0\u00bbnone\u00a0\u00bb align=\u00a0\u00bbcenter\u00a0\u00bb]Ce que nos clients disent de nous&#8230;[\/mk_fancy_title][mk_testimonials style=\u00a0\u00bbmodern\u00a0\u00bb show_as=\u00a0\u00bbcolumn\u00a0\u00bb column=\u00a0\u00bb1&Prime; count=\u00a0\u00bb-1&Prime; text_color=\u00a0\u00bb#727272&Prime; author_color=\u00a0\u00bb#727272&Prime; skill_color=\u00a0\u00bb#727272&Prime;][\/vc_column][\/vc_row]\n<\/div>","protected":false},"excerpt":{"rendered":"<p>[mk_page_section bg_image=\u00a0\u00bbhttp:\/\/bininngroofing.ca\/wp-content\/uploads\/2019\/05\/bininngroofing-roofertrucks-opt.jpg\u00a0\u00bb bg_repeat=\u00a0\u00bbno-repeat\u00a0\u00bb bg_stretch=\u00a0\u00bbtrue\u00a0\u00bb video_color_mask=\u00a0\u00bb#000000&Prime; video_opacity=\u00a0\u00bb0.5&Prime; min_height=\u00a0\u00bb1030&Prime; js_vertical_centered=\u00a0\u00bbtrue\u00a0\u00bb sidebar=\u00a0\u00bbsidebar-1&Prime;][vc_column][mk_fancy_title tag_name=\u00a0\u00bbh1&Prime; color=\u00a0\u00bb#ffffff\u00a0\u00bb size=\u00a0\u00bb72&Prime; force_font_size=\u00a0\u00bbtrue\u00a0\u00bb size_tablet=\u00a0\u00bb48&Prime; size_phone=\u00a0\u00bb32&Prime; font_weight=\u00a0\u00bbbold\u00a0\u00bb font_family=\u00a0\u00bbnone\u00a0\u00bb align=\u00a0\u00bbcenter\u00a0\u00bb]Toiture Bininng[\/mk_fancy_title][mk_fancy_title color=\u00a0\u00bb#ffffff\u00a0\u00bb size=\u00a0\u00bb28&Prime; force_font_size=\u00a0\u00bbtrue\u00a0\u00bb size_phone=\u00a0\u00bb20&Prime; font_weight=\u00a0\u00bbbold\u00a0\u00bb txt_transform=\u00a0\u00bbnone\u00a0\u00bb font_family=\u00a0\u00bbnone\u00a0\u00bb align=\u00a0\u00bbcenter\u00a0\u00bb]La fa\u00e7on s\u00fbre et abordable de prot\u00e9ger votre demeure[\/mk_fancy_title][\/vc_column][\/mk_page_section][vc_row][vc_column][mk_padding_divider size=\u00a0\u00bb90&Prime;][\/vc_column][\/vc_row][vc_row css=\u00a0\u00bb.vc_custom_1559321180105{padding-bottom: 60px !important;}\u00a0\u00bb][vc_column width=\u00a0\u00bb1\/2&Prime;][mk_fancy_title color=\u00a0\u00bb#2a2d2e\u00a0\u00bb size=\u00a0\u00bb32&Prime; force_font_size=\u00a0\u00bbtrue\u00a0\u00bb size_tablet=\u00a0\u00bb28&Prime; size_phone=\u00a0\u00bb24&Prime; font_weight=\u00a0\u00bb600&Prime; font_family=\u00a0\u00bbnone\u00a0\u00bb]Qui sommes-nous?[\/mk_fancy_title][mk_fancy_title tag_name=\u00a0\u00bbspan\u00a0\u00bb color=\u00a0\u00bb#2a2d2e\u00a0\u00bb size=\u00a0\u00bb16&Prime; line_height=\u00a0\u00bb166&Prime; font_weight=\u00a0\u00bb500&Prime; txt_transform=\u00a0\u00bbnone\u00a0\u00bb font_family=\u00a0\u00bbnone\u00a0\u00bb]Les [&hellip;]<\/p>\n","protected":false},"author":2,"featured_media":0,"parent":0,"menu_order":0,"comment_status":"closed","ping_status":"closed","template":"","meta":{"footnotes":""},"class_list":["post-396","page","type-page","status-publish","hentry"],"yoast_head":"<!-- This site is optimized with the Yoast SEO plugin v27.4 - https:\/\/yoast.com\/product\/yoast-seo-wordpress\/ -->\n<title>Toiture Bininng | Couvreur dans le Grand Montr\u00e9al \/ West Island<\/title>\n<meta name=\"description\" content=\"D\u00e9couvrez pourquoi des centaines de clients font confiance \u00e0 Toiture Bininng pour l&#039;installation et la r\u00e9paration de leur toiture chaque ann\u00e9e!\" \/>\n<meta name=\"robots\" content=\"index, follow, max-snippet:-1, max-image-preview:large, max-video-preview:-1\" \/>\n<link rel=\"canonical\" href=\"https:\/\/bininngroofing.ca\/fr\/a-propos-toiture-bininng\/\" \/>\n<meta property=\"og:locale\" content=\"fr_CA\" \/>\n<meta property=\"og:type\" content=\"article\" \/>\n<meta property=\"og:title\" content=\"Toiture Bininng | Couvreur dans le Grand Montr\u00e9al \/ West Island\" \/>\n<meta property=\"og:description\" content=\"D\u00e9couvrez pourquoi des centaines de clients font confiance \u00e0 Toiture Bininng pour l&#039;installation et la r\u00e9paration de leur toiture chaque ann\u00e9e!\" \/>\n<meta property=\"og:url\" content=\"https:\/\/bininngroofing.ca\/fr\/a-propos-toiture-bininng\/\" \/>\n<meta property=\"og:site_name\" content=\"Toiture Bininng Roofing\" \/>\n<meta property=\"article:modified_time\" content=\"2020-04-10T18:26:02+00:00\" \/>\n<meta name=\"twitter:card\" content=\"summary_large_image\" \/>\n<meta name=\"twitter:label1\" content=\"Estimation du temps de lecture\" \/>\n\t<meta name=\"twitter:data1\" content=\"4 minutes\" \/>\n<script type=\"application\/ld+json\" class=\"yoast-schema-graph\">{\"@context\":\"https:\\\/\\\/schema.org\",\"@graph\":[{\"@type\":\"WebPage\",\"@id\":\"https:\\\/\\\/bininngroofing.ca\\\/fr\\\/a-propos-toiture-bininng\\\/\",\"url\":\"https:\\\/\\\/bininngroofing.ca\\\/fr\\\/a-propos-toiture-bininng\\\/\",\"name\":\"Toiture Bininng | Couvreur dans le Grand Montr\u00e9al \\\/ West Island\",\"isPartOf\":{\"@id\":\"https:\\\/\\\/bininngroofing.ca\\\/fr\\\/#website\"},\"datePublished\":\"2019-05-31T16:46:21+00:00\",\"dateModified\":\"2020-04-10T18:26:02+00:00\",\"description\":\"D\u00e9couvrez pourquoi des centaines de clients font confiance \u00e0 Toiture Bininng pour l'installation et la r\u00e9paration de leur toiture chaque ann\u00e9e!\",\"breadcrumb\":{\"@id\":\"https:\\\/\\\/bininngroofing.ca\\\/fr\\\/a-propos-toiture-bininng\\\/#breadcrumb\"},\"inLanguage\":\"fr-CA\",\"potentialAction\":[{\"@type\":\"ReadAction\",\"target\":[\"https:\\\/\\\/bininngroofing.ca\\\/fr\\\/a-propos-toiture-bininng\\\/\"]}]},{\"@type\":\"BreadcrumbList\",\"@id\":\"https:\\\/\\\/bininngroofing.ca\\\/fr\\\/a-propos-toiture-bininng\\\/#breadcrumb\",\"itemListElement\":[{\"@type\":\"ListItem\",\"position\":1,\"name\":\"Home\",\"item\":\"https:\\\/\\\/bininngroofing.ca\\\/fr\\\/\"},{\"@type\":\"ListItem\",\"position\":2,\"name\":\"\u00c0 propos\"}]},{\"@type\":\"WebSite\",\"@id\":\"https:\\\/\\\/bininngroofing.ca\\\/fr\\\/#website\",\"url\":\"https:\\\/\\\/bininngroofing.ca\\\/fr\\\/\",\"name\":\"Toiture Bininng Roofing\",\"description\":\"\",\"potentialAction\":[{\"@type\":\"SearchAction\",\"target\":{\"@type\":\"EntryPoint\",\"urlTemplate\":\"https:\\\/\\\/bininngroofing.ca\\\/fr\\\/?s={search_term_string}\"},\"query-input\":{\"@type\":\"PropertyValueSpecification\",\"valueRequired\":true,\"valueName\":\"search_term_string\"}}],\"inLanguage\":\"fr-CA\"}]}<\/script>\n<!-- \/ Yoast SEO plugin. -->","yoast_head_json":{"title":"Toiture Bininng | Couvreur dans le Grand Montr\u00e9al \/ West Island","description":"D\u00e9couvrez pourquoi des centaines de clients font confiance \u00e0 Toiture Bininng pour l'installation et la r\u00e9paration de leur toiture chaque ann\u00e9e!","robots":{"index":"index","follow":"follow","max-snippet":"max-snippet:-1","max-image-preview":"max-image-preview:large","max-video-preview":"max-video-preview:-1"},"canonical":"https:\/\/bininngroofing.ca\/fr\/a-propos-toiture-bininng\/","og_locale":"fr_CA","og_type":"article","og_title":"Toiture Bininng | Couvreur dans le Grand Montr\u00e9al \/ West Island","og_description":"D\u00e9couvrez pourquoi des centaines de clients font confiance \u00e0 Toiture Bininng pour l'installation et la r\u00e9paration de leur toiture chaque ann\u00e9e!","og_url":"https:\/\/bininngroofing.ca\/fr\/a-propos-toiture-bininng\/","og_site_name":"Toiture Bininng Roofing","article_modified_time":"2020-04-10T18:26:02+00:00","twitter_card":"summary_large_image","twitter_misc":{"Estimation du temps de lecture":"4 minutes"},"schema":{"@context":"https:\/\/schema.org","@graph":[{"@type":"WebPage","@id":"https:\/\/bininngroofing.ca\/fr\/a-propos-toiture-bininng\/","url":"https:\/\/bininngroofing.ca\/fr\/a-propos-toiture-bininng\/","name":"Toiture Bininng | Couvreur dans le Grand Montr\u00e9al \/ West Island","isPartOf":{"@id":"https:\/\/bininngroofing.ca\/fr\/#website"},"datePublished":"2019-05-31T16:46:21+00:00","dateModified":"2020-04-10T18:26:02+00:00","description":"D\u00e9couvrez pourquoi des centaines de clients font confiance \u00e0 Toiture Bininng pour l'installation et la r\u00e9paration de leur toiture chaque ann\u00e9e!","breadcrumb":{"@id":"https:\/\/bininngroofing.ca\/fr\/a-propos-toiture-bininng\/#breadcrumb"},"inLanguage":"fr-CA","potentialAction":[{"@type":"ReadAction","target":["https:\/\/bininngroofing.ca\/fr\/a-propos-toiture-bininng\/"]}]},{"@type":"BreadcrumbList","@id":"https:\/\/bininngroofing.ca\/fr\/a-propos-toiture-bininng\/#breadcrumb","itemListElement":[{"@type":"ListItem","position":1,"name":"Home","item":"https:\/\/bininngroofing.ca\/fr\/"},{"@type":"ListItem","position":2,"name":"\u00c0 propos"}]},{"@type":"WebSite","@id":"https:\/\/bininngroofing.ca\/fr\/#website","url":"https:\/\/bininngroofing.ca\/fr\/","name":"Toiture Bininng Roofing","description":"","potentialAction":[{"@type":"SearchAction","target":{"@type":"EntryPoint","urlTemplate":"https:\/\/bininngroofing.ca\/fr\/?s={search_term_string}"},"query-input":{"@type":"PropertyValueSpecification","valueRequired":true,"valueName":"search_term_string"}}],"inLanguage":"fr-CA"}]}},"_links":{"self":[{"href":"https:\/\/bininngroofing.ca\/fr\/wp-json\/wp\/v2\/pages\/396","targetHints":{"allow":["GET"]}}],"collection":[{"href":"https:\/\/bininngroofing.ca\/fr\/wp-json\/wp\/v2\/pages"}],"about":[{"href":"https:\/\/bininngroofing.ca\/fr\/wp-json\/wp\/v2\/types\/page"}],"author":[{"embeddable":true,"href":"https:\/\/bininngroofing.ca\/fr\/wp-json\/wp\/v2\/users\/2"}],"replies":[{"embeddable":true,"href":"https:\/\/bininngroofing.ca\/fr\/wp-json\/wp\/v2\/comments?post=396"}],"version-history":[{"count":3,"href":"https:\/\/bininngroofing.ca\/fr\/wp-json\/wp\/v2\/pages\/396\/revisions"}],"predecessor-version":[{"id":704,"href":"https:\/\/bininngroofing.ca\/fr\/wp-json\/wp\/v2\/pages\/396\/revisions\/704"}],"wp:attachment":[{"href":"https:\/\/bininngroofing.ca\/fr\/wp-json\/wp\/v2\/media?parent=396"}],"curies":[{"name":"wp","href":"https:\/\/api.w.org\/{rel}","templated":true}]}}