{"id":1205,"date":"2021-05-27T01:59:18","date_gmt":"2021-05-26T20:59:18","guid":{"rendered":"https:\/\/bininngroofing.ca\/skylight-repair\/"},"modified":"2024-04-26T17:04:14","modified_gmt":"2024-04-26T12:04:14","slug":"skylight-repair","status":"publish","type":"page","link":"https:\/\/bininngroofing.ca\/fr\/skylight-repair\/","title":{"rendered":"R\u00e9paration de puits de lumi\u00e8re"},"content":{"rendered":"<div class=\"wpb-content-wrapper\">[mk_page_section bg_image=\u00a0\u00bbhttps:\/\/bininngroofing.ca\/wp-content\/uploads\/skylight-repair.jpg\u00a0\u00bb bg_position=\u00a0\u00bbcenter center\u00a0\u00bb bg_repeat=\u00a0\u00bbno-repeat\u00a0\u00bb bg_stretch=\u00a0\u00bbtrue\u00a0\u00bb video_color_mask=\u00a0\u00bb#000000&Prime; video_opacity=\u00a0\u00bb0.3&Prime; min_height=\u00a0\u00bb700&Prime; js_vertical_centered=\u00a0\u00bbtrue\u00a0\u00bb sidebar=\u00a0\u00bbsidebar-1&Prime;][vc_column width=\u00a0\u00bb1\/12&Prime;][\/vc_column][vc_column width=\u00a0\u00bb5\/6&Prime;][mk_fancy_title tag_name=\u00a0\u00bbh1&Prime; color=\u00a0\u00bb#ffffff\u00a0\u00bb size=\u00a0\u00bb76&Prime; force_font_size=\u00a0\u00bbtrue\u00a0\u00bb size_smallscreen=\u00a0\u00bb\u00a0\u00bb size_tablet=\u00a0\u00bb50&Prime; size_phone=\u00a0\u00bb30&Prime; font_weight=\u00a0\u00bbbold\u00a0\u00bb txt_transform=\u00a0\u00bbcapitalize\u00a0\u00bb font_family=\u00a0\u00bbnone\u00a0\u00bb align=\u00a0\u00bbcenter\u00a0\u00bb]R\u00e9paration de puits de lumi\u00e8re[\/mk_fancy_title][mk_fancy_title tag_name=\u00a0\u00bbh3&Prime; color=\u00a0\u00bb#ffffff\u00a0\u00bb size=\u00a0\u00bb28&Prime; force_font_size=\u00a0\u00bbtrue\u00a0\u00bb size_phone=\u00a0\u00bb20&Prime; font_weight=\u00a0\u00bbbold\u00a0\u00bb txt_transform=\u00a0\u00bbnone\u00a0\u00bb font_family=\u00a0\u00bbnone\u00a0\u00bb align=\u00a0\u00bbcenter\u00a0\u00bb]Un puits de lumi\u00e8re qui fuit n\u00e9cessite l&rsquo;intervention imm\u00e9diate d&rsquo;un professionnel.[\/mk_fancy_title][\/vc_column][vc_column width=\u00a0\u00bb1\/12&Prime;][\/vc_column][\/mk_page_section][vc_row css=\u00a0\u00bb.vc_custom_1560964165316{padding-top: 90px !important;padding-bottom: 60px !important;}\u00a0\u00bb][vc_column width=\u00a0\u00bb1\/2&Prime;][mk_fancy_title size=\u00a0\u00bb32&Prime; force_font_size=\u00a0\u00bbtrue\u00a0\u00bb size_tablet=\u00a0\u00bb30&Prime; size_phone=\u00a0\u00bb28&Prime; font_weight=\u00a0\u00bb600&Prime; txt_transform=\u00a0\u00bbcapitalize\u00a0\u00bb font_family=\u00a0\u00bbnone\u00a0\u00bb]R\u00e9paration de puits de lumi\u00e8re \/ lucarne[\/mk_fancy_title][mk_fancy_title tag_name=\u00a0\u00bbspan\u00a0\u00bb size=\u00a0\u00bb16&Prime; line_height=\u00a0\u00bb166&Prime; font_weight=\u00a0\u00bb500&Prime; txt_transform=\u00a0\u00bbnone\u00a0\u00bb margin_bottom=\u00a0\u00bb0&Prime; font_family=\u00a0\u00bbnone\u00a0\u00bb]Les puits de lumi\u00e8re qui fuient n\u00e9cessitent une intervention imm\u00e9diate. De nombreuses fuites de puits de lumi\u00e8re commencent lorsque l&rsquo;eau p\u00e9n\u00e8tre sous les trous de la lucarne elle-m\u00eame, dans le solin autour de celle-ci ou encore sous la membrane du toit plat. Quand l&rsquo;eau g\u00e8le \u00e0 cause de nos hivers qu\u00e9b\u00e9cois, l&rsquo;espace d&rsquo;infiltration prend de l&rsquo;expansion. Toutefois, les lucarnes fuient souvent dues \u00e0 une installation b\u00e2cl\u00e9e. Dans tous les cas, il faut vous assurer de rapidement adresser la situation en faisant appel \u00e0 un professionnel. Ne vous risquez pas \u00e0 monter sur votre toit, les r\u00e9parations de puits de lumi\u00e8re, c&rsquo;est notre sp\u00e9cialit\u00e9.[\/mk_fancy_title][mk_padding_divider size=\u00a0\u00bb30&Prime; visibility=\u00a0\u00bbvisible-sm\u00a0\u00bb][\/vc_column][vc_column width=\u00a0\u00bb1\/2&Prime;][vc_single_image image=\u00a0\u00bb1199&Prime; img_size=\u00a0\u00bb720&#215;480&Prime;][\/vc_column][\/vc_row][vc_row css=\u00a0\u00bb.vc_custom_1560963587550{padding-bottom: 90px !important;}\u00a0\u00bb][vc_column][mk_fancy_title size=\u00a0\u00bb32&Prime; force_font_size=\u00a0\u00bbtrue\u00a0\u00bb size_tablet=\u00a0\u00bb30&Prime; size_phone=\u00a0\u00bb28&Prime; font_weight=\u00a0\u00bb600&Prime; txt_transform=\u00a0\u00bbcapitalize\u00a0\u00bb font_family=\u00a0\u00bbnone\u00a0\u00bb]<span style=\"font-weight: 400;\">Mon puits de lumi\u00e8re fuit, que dois-je faire?<\/span>[\/mk_fancy_title][mk_fancy_title tag_name=\u00a0\u00bbspan\u00a0\u00bb size=\u00a0\u00bb16&Prime; line_height=\u00a0\u00bb166&Prime; font_weight=\u00a0\u00bb500&Prime; txt_transform=\u00a0\u00bbnone\u00a0\u00bb margin_bottom=\u00a0\u00bb0&Prime; font_family=\u00a0\u00bbnone\u00a0\u00bb]Excellente question. Un puits de lumi\u00e8re qui fuit n&rsquo;est jamais une bonne chose. Il n\u00e9cessite une intervention imm\u00e9diate.<\/p>\n<p>Si vous ne faites pas appel rapidement \u00e0 un couvreur professionnel pour r\u00e9parer la fuite, la prochaine grosse averse de pluie pourrait causer des d\u00e9g\u00e2ts d&rsquo;eau de plusieurs milliers de dollars \u00e0 votre maison. Et personne ne souhaite cela m\u00eame \u00e0 son pire ennemi!<\/p>\n<p>Les puits de lumi\u00e8re sont notoirement difficiles \u00e0 sceller correctement. Malheureusement, une fois qu&rsquo;il y a eu une fuite, la r\u00e9paration est de plus en plus difficile. Alors, au risque de nous r\u00e9p\u00e9ter, vous allez avoir besoin d&rsquo;un couvreur professionnel. En attendant notre intervention, vous pouvez toujours essayer vous-m\u00eame d&rsquo;\u00e9liminer certains petits probl\u00e8mes comme :<\/p>\n<h3>La condensation<\/h3>\n<p>L&rsquo;eau provenant de l&rsquo;int\u00e9rieur de votre maison peut se condenser sur le puits de lumi\u00e8re, o\u00f9 elle s&rsquo;accumule et s&rsquo;\u00e9goutte. La condensation n\u00e9cessite toutefois certains facteurs tels que :<\/p>\n<ul>\n<li>Votre puits de lumi\u00e8re se trouve dans ou \u00e0 proximit\u00e9 d&rsquo;une pi\u00e8ce o\u00f9 l&rsquo;humidit\u00e9 est importante. Les salles de bains en sont un bon exemple.<\/li>\n<li>Votre puits de lumi\u00e8re est \u00e0 simple vitrage.<\/li>\n<li>Il y a un probl\u00e8me de calfeutrage autour de la vitre.<\/li>\n<li>Une fuite<\/li>\n<\/ul>\n<p>Tout comme une fen\u00eatre, les puits de lumi\u00e8re sont essentiellement constitu\u00e9s d&rsquo;une vitre entour\u00e9e d&rsquo;un cadre, g\u00e9n\u00e9ralement en m\u00e9tal. Les fuites peuvent donc se produire :<\/p>\n<ul>\n<li>Entre le verre et le cadre parce que le joint est us\u00e9 ou alt\u00e9r\u00e9.<\/li>\n<li>Entre la charpente et le toit. Dans ce cas, il s&rsquo;agit d&rsquo;un probl\u00e8me de toiture r\u00e9sultant de l&rsquo;une des deux causes suivantes : votre puits de lumi\u00e8re n&rsquo;a pas \u00e9t\u00e9 install\u00e9 correctement ou le solin et le joint qui l&rsquo;entourent sont us\u00e9s.<\/li>\n<\/ul>\n<p>Si vous calfeutrez le pourtour du verre avec un mastic silicone transparent, vous pourrez peut-\u00eatre r\u00e9parer les fuites entre le verre et le cadre d&rsquo;un puits de lumi\u00e8re. Cependant, cela signifie que l&rsquo;eau s&rsquo;est infiltr\u00e9e dans le joint d&rsquo;\u00e9tanch\u00e9it\u00e9 et que votre puits de lumi\u00e8re peut avoir un aspect brumeux permanent caus\u00e9 par l&rsquo;humidit\u00e9 entre les vitres. Dans ce cas, la solution id\u00e9ale serait l\u2019achat d\u2019un nouveau puits de lumi\u00e8re.<\/p>\n<h3>L\u2019aide professionnelle<\/h3>\n<p>Il est commun\u00e9ment admis que tous les puits de lumi\u00e8re finiront par fuir. Oui et non. Bien s\u00fbr, les mat\u00e9riaux ont une dur\u00e9e de vie limit\u00e9e, mais un puits de lumi\u00e8re correctement install\u00e9 et bien entretenu peut durer plus longtemps que votre toit. C\u2019est v\u00e9ridique! Engagez un couvreur exp\u00e9riment\u00e9 qui connait bien le travail. S&rsquo;il est honn\u00eate &#8211; et il devrait l&rsquo;\u00eatre! &#8211; il vous dira si une r\u00e9paration fiable de votre puits de lumi\u00e8re est possible.<\/p>\n<p>Vous pensez que vous avez besoin d&rsquo;un nouveau puits de lumi\u00e8re? Nous pouvons vous aider \u00e0 choisir le produit qui r\u00e9pond \u00e0 vos besoins, puis nous assurer que l&rsquo;<a href=\"\/fr\/installation-puits-lumiere\/\">installation de votre puits de lumi\u00e8re<\/a> est faite correctement, afin de vous assurer qu\u2019il durera tr\u00e8s longtemps.[\/mk_fancy_title][\/vc_column][\/vc_row][mk_page_section bg_color=\u00a0\u00bb#000000&Prime; js_vertical_centered=\u00a0\u00bbtrue\u00a0\u00bb padding_top=\u00a0\u00bb90&Prime; padding_bottom=\u00a0\u00bb90&Prime; sidebar=\u00a0\u00bbsidebar-1&Prime;][vc_column width=\u00a0\u00bb1\/2&Prime;][mk_fancy_title tag_name=\u00a0\u00bbh3&Prime; color=\u00a0\u00bb#ffffff\u00a0\u00bb size=\u00a0\u00bb36&Prime; force_font_size=\u00a0\u00bbtrue\u00a0\u00bb size_tablet=\u00a0\u00bb25&Prime; size_phone=\u00a0\u00bb20&Prime; font_weight=\u00a0\u00bb600&Prime; margin_bottom=\u00a0\u00bb0&Prime; font_family=\u00a0\u00bbnone\u00a0\u00bb]L&rsquo;eau entre par votre lucarne? Nous pouvons la r\u00e9parer.[\/mk_fancy_title][mk_padding_divider size=\u00a0\u00bb43&Prime; visibility=\u00a0\u00bbvisible-sm\u00a0\u00bb][\/vc_column][vc_column width=\u00a0\u00bb1\/2&Prime;][mk_button dimension=\u00a0\u00bboutline\u00a0\u00bb corner_style=\u00a0\u00bbrounded\u00a0\u00bb size=\u00a0\u00bblarge\u00a0\u00bb url=\u00a0\u00bb\/fr\/contact-couvreur-st-laurent\/\u00a0\u00bb align=\u00a0\u00bbcenter\u00a0\u00bb margin_bottom=\u00a0\u00bb0&Prime; margin_right=\u00a0\u00bb0&Prime; outline_skin=\u00a0\u00bblight\u00a0\u00bb]Contactez-nous[\/mk_button][\/vc_column][\/mk_page_section]\n<\/div>","protected":false},"excerpt":{"rendered":"<p>[mk_page_section bg_image=\u00a0\u00bbhttps:\/\/bininngroofing.ca\/wp-content\/uploads\/skylight-repair.jpg\u00a0\u00bb bg_position=\u00a0\u00bbcenter center\u00a0\u00bb bg_repeat=\u00a0\u00bbno-repeat\u00a0\u00bb bg_stretch=\u00a0\u00bbtrue\u00a0\u00bb video_color_mask=\u00a0\u00bb#000000&Prime; video_opacity=\u00a0\u00bb0.3&Prime; min_height=\u00a0\u00bb700&Prime; js_vertical_centered=\u00a0\u00bbtrue\u00a0\u00bb sidebar=\u00a0\u00bbsidebar-1&Prime;][vc_column width=\u00a0\u00bb1\/12&Prime;][\/vc_column][vc_column width=\u00a0\u00bb5\/6&Prime;][mk_fancy_title tag_name=\u00a0\u00bbh1&Prime; color=\u00a0\u00bb#ffffff\u00a0\u00bb size=\u00a0\u00bb76&Prime; force_font_size=\u00a0\u00bbtrue\u00a0\u00bb size_smallscreen=\u00a0\u00bb\u00a0\u00bb size_tablet=\u00a0\u00bb50&Prime; size_phone=\u00a0\u00bb30&Prime; font_weight=\u00a0\u00bbbold\u00a0\u00bb txt_transform=\u00a0\u00bbcapitalize\u00a0\u00bb font_family=\u00a0\u00bbnone\u00a0\u00bb align=\u00a0\u00bbcenter\u00a0\u00bb]R\u00e9paration de puits de lumi\u00e8re[\/mk_fancy_title][mk_fancy_title tag_name=\u00a0\u00bbh3&Prime; color=\u00a0\u00bb#ffffff\u00a0\u00bb size=\u00a0\u00bb28&Prime; force_font_size=\u00a0\u00bbtrue\u00a0\u00bb size_phone=\u00a0\u00bb20&Prime; font_weight=\u00a0\u00bbbold\u00a0\u00bb txt_transform=\u00a0\u00bbnone\u00a0\u00bb font_family=\u00a0\u00bbnone\u00a0\u00bb align=\u00a0\u00bbcenter\u00a0\u00bb]Un puits de lumi\u00e8re qui fuit n\u00e9cessite l&rsquo;intervention imm\u00e9diate d&rsquo;un professionnel.[\/mk_fancy_title][\/vc_column][vc_column width=\u00a0\u00bb1\/12&Prime;][\/vc_column][\/mk_page_section][vc_row css=\u00a0\u00bb.vc_custom_1560964165316{padding-top: 90px !important;padding-bottom: 60px !important;}\u00a0\u00bb][vc_column width=\u00a0\u00bb1\/2&Prime;][mk_fancy_title size=\u00a0\u00bb32&Prime; [&hellip;]<\/p>\n","protected":false},"author":3,"featured_media":0,"parent":0,"menu_order":0,"comment_status":"closed","ping_status":"closed","template":"","meta":{"footnotes":""},"class_list":["post-1205","page","type-page","status-publish","hentry"],"yoast_head":"<!-- This site is optimized with the Yoast SEO plugin v27.4 - https:\/\/yoast.com\/product\/yoast-seo-wordpress\/ -->\n<title>R\u00e9paration de Puits de Lumi\u00e8re \/ Lucarne | Toiture Bininng Roofing<\/title>\n<meta name=\"description\" content=\"Un puits de lumi\u00e8re qui fuit doit \u00eatre r\u00e9par\u00e9 rapidement. Contactez les sp\u00e9cialistes de la r\u00e9paration et l&#039;installation de lucarnes.\" \/>\n<meta name=\"robots\" content=\"index, follow, max-snippet:-1, max-image-preview:large, max-video-preview:-1\" \/>\n<link rel=\"canonical\" href=\"https:\/\/bininngroofing.ca\/fr\/skylight-repair\/\" \/>\n<meta property=\"og:locale\" content=\"fr_CA\" \/>\n<meta property=\"og:type\" content=\"article\" \/>\n<meta property=\"og:title\" content=\"R\u00e9paration de Puits de Lumi\u00e8re \/ Lucarne | Toiture Bininng Roofing\" \/>\n<meta property=\"og:description\" content=\"Un puits de lumi\u00e8re qui fuit doit \u00eatre r\u00e9par\u00e9 rapidement. Contactez les sp\u00e9cialistes de la r\u00e9paration et l&#039;installation de lucarnes.\" \/>\n<meta property=\"og:url\" content=\"https:\/\/bininngroofing.ca\/fr\/skylight-repair\/\" \/>\n<meta property=\"og:site_name\" content=\"Toiture Bininng Roofing\" \/>\n<meta property=\"article:modified_time\" content=\"2024-04-26T12:04:14+00:00\" \/>\n<meta name=\"twitter:card\" content=\"summary_large_image\" \/>\n<meta name=\"twitter:label1\" content=\"Estimation du temps de lecture\" \/>\n\t<meta name=\"twitter:data1\" content=\"4 minutes\" \/>\n<script type=\"application\/ld+json\" class=\"yoast-schema-graph\">{\"@context\":\"https:\\\/\\\/schema.org\",\"@graph\":[{\"@type\":\"WebPage\",\"@id\":\"https:\\\/\\\/bininngroofing.ca\\\/fr\\\/skylight-repair\\\/\",\"url\":\"https:\\\/\\\/bininngroofing.ca\\\/fr\\\/skylight-repair\\\/\",\"name\":\"R\u00e9paration de Puits de Lumi\u00e8re \\\/ Lucarne | Toiture Bininng Roofing\",\"isPartOf\":{\"@id\":\"https:\\\/\\\/bininngroofing.ca\\\/fr\\\/#website\"},\"datePublished\":\"2021-05-26T20:59:18+00:00\",\"dateModified\":\"2024-04-26T12:04:14+00:00\",\"description\":\"Un puits de lumi\u00e8re qui fuit doit \u00eatre r\u00e9par\u00e9 rapidement. Contactez les sp\u00e9cialistes de la r\u00e9paration et l'installation de lucarnes.\",\"breadcrumb\":{\"@id\":\"https:\\\/\\\/bininngroofing.ca\\\/fr\\\/skylight-repair\\\/#breadcrumb\"},\"inLanguage\":\"fr-CA\",\"potentialAction\":[{\"@type\":\"ReadAction\",\"target\":[\"https:\\\/\\\/bininngroofing.ca\\\/fr\\\/skylight-repair\\\/\"]}]},{\"@type\":\"BreadcrumbList\",\"@id\":\"https:\\\/\\\/bininngroofing.ca\\\/fr\\\/skylight-repair\\\/#breadcrumb\",\"itemListElement\":[{\"@type\":\"ListItem\",\"position\":1,\"name\":\"Home\",\"item\":\"https:\\\/\\\/bininngroofing.ca\\\/fr\\\/\"},{\"@type\":\"ListItem\",\"position\":2,\"name\":\"R\u00e9paration de puits de lumi\u00e8re\"}]},{\"@type\":\"WebSite\",\"@id\":\"https:\\\/\\\/bininngroofing.ca\\\/fr\\\/#website\",\"url\":\"https:\\\/\\\/bininngroofing.ca\\\/fr\\\/\",\"name\":\"Toiture Bininng Roofing\",\"description\":\"\",\"potentialAction\":[{\"@type\":\"SearchAction\",\"target\":{\"@type\":\"EntryPoint\",\"urlTemplate\":\"https:\\\/\\\/bininngroofing.ca\\\/fr\\\/?s={search_term_string}\"},\"query-input\":{\"@type\":\"PropertyValueSpecification\",\"valueRequired\":true,\"valueName\":\"search_term_string\"}}],\"inLanguage\":\"fr-CA\"}]}<\/script>\n<!-- \/ Yoast SEO plugin. -->","yoast_head_json":{"title":"R\u00e9paration de Puits de Lumi\u00e8re \/ Lucarne | Toiture Bininng Roofing","description":"Un puits de lumi\u00e8re qui fuit doit \u00eatre r\u00e9par\u00e9 rapidement. Contactez les sp\u00e9cialistes de la r\u00e9paration et l'installation de lucarnes.","robots":{"index":"index","follow":"follow","max-snippet":"max-snippet:-1","max-image-preview":"max-image-preview:large","max-video-preview":"max-video-preview:-1"},"canonical":"https:\/\/bininngroofing.ca\/fr\/skylight-repair\/","og_locale":"fr_CA","og_type":"article","og_title":"R\u00e9paration de Puits de Lumi\u00e8re \/ Lucarne | Toiture Bininng Roofing","og_description":"Un puits de lumi\u00e8re qui fuit doit \u00eatre r\u00e9par\u00e9 rapidement. Contactez les sp\u00e9cialistes de la r\u00e9paration et l'installation de lucarnes.","og_url":"https:\/\/bininngroofing.ca\/fr\/skylight-repair\/","og_site_name":"Toiture Bininng Roofing","article_modified_time":"2024-04-26T12:04:14+00:00","twitter_card":"summary_large_image","twitter_misc":{"Estimation du temps de lecture":"4 minutes"},"schema":{"@context":"https:\/\/schema.org","@graph":[{"@type":"WebPage","@id":"https:\/\/bininngroofing.ca\/fr\/skylight-repair\/","url":"https:\/\/bininngroofing.ca\/fr\/skylight-repair\/","name":"R\u00e9paration de Puits de Lumi\u00e8re \/ Lucarne | Toiture Bininng Roofing","isPartOf":{"@id":"https:\/\/bininngroofing.ca\/fr\/#website"},"datePublished":"2021-05-26T20:59:18+00:00","dateModified":"2024-04-26T12:04:14+00:00","description":"Un puits de lumi\u00e8re qui fuit doit \u00eatre r\u00e9par\u00e9 rapidement. Contactez les sp\u00e9cialistes de la r\u00e9paration et l'installation de lucarnes.","breadcrumb":{"@id":"https:\/\/bininngroofing.ca\/fr\/skylight-repair\/#breadcrumb"},"inLanguage":"fr-CA","potentialAction":[{"@type":"ReadAction","target":["https:\/\/bininngroofing.ca\/fr\/skylight-repair\/"]}]},{"@type":"BreadcrumbList","@id":"https:\/\/bininngroofing.ca\/fr\/skylight-repair\/#breadcrumb","itemListElement":[{"@type":"ListItem","position":1,"name":"Home","item":"https:\/\/bininngroofing.ca\/fr\/"},{"@type":"ListItem","position":2,"name":"R\u00e9paration de puits de lumi\u00e8re"}]},{"@type":"WebSite","@id":"https:\/\/bininngroofing.ca\/fr\/#website","url":"https:\/\/bininngroofing.ca\/fr\/","name":"Toiture Bininng Roofing","description":"","potentialAction":[{"@type":"SearchAction","target":{"@type":"EntryPoint","urlTemplate":"https:\/\/bininngroofing.ca\/fr\/?s={search_term_string}"},"query-input":{"@type":"PropertyValueSpecification","valueRequired":true,"valueName":"search_term_string"}}],"inLanguage":"fr-CA"}]}},"_links":{"self":[{"href":"https:\/\/bininngroofing.ca\/fr\/wp-json\/wp\/v2\/pages\/1205","targetHints":{"allow":["GET"]}}],"collection":[{"href":"https:\/\/bininngroofing.ca\/fr\/wp-json\/wp\/v2\/pages"}],"about":[{"href":"https:\/\/bininngroofing.ca\/fr\/wp-json\/wp\/v2\/types\/page"}],"author":[{"embeddable":true,"href":"https:\/\/bininngroofing.ca\/fr\/wp-json\/wp\/v2\/users\/3"}],"replies":[{"embeddable":true,"href":"https:\/\/bininngroofing.ca\/fr\/wp-json\/wp\/v2\/comments?post=1205"}],"version-history":[{"count":2,"href":"https:\/\/bininngroofing.ca\/fr\/wp-json\/wp\/v2\/pages\/1205\/revisions"}],"predecessor-version":[{"id":1207,"href":"https:\/\/bininngroofing.ca\/fr\/wp-json\/wp\/v2\/pages\/1205\/revisions\/1207"}],"wp:attachment":[{"href":"https:\/\/bininngroofing.ca\/fr\/wp-json\/wp\/v2\/media?parent=1205"}],"curies":[{"name":"wp","href":"https:\/\/api.w.org\/{rel}","templated":true}]}}